{"id":972,"date":"2016-11-25T12:05:54","date_gmt":"2016-11-25T12:05:54","guid":{"rendered":"http:\/\/selmecziistvan.ininet.hu\/?page_id=972"},"modified":"2017-07-15T14:01:03","modified_gmt":"2017-07-15T14:01:03","slug":"1962-2","status":"publish","type":"page","link":"http:\/\/selmecziistvan.ininet.hu\/?page_id=972","title":{"rendered":"1962."},"content":{"rendered":"<p style=\"text-align: center;\"><a href=\"http:\/\/selmecziistvan.ininet.hu\/wp-content\/uploads\/2017\/07\/62.01.24.-A-falut-v\u00e1lasztotta.pdf\">62.01.24. A falut v\u00e1lasztotta<\/a><\/p>\n<p style=\"text-align: center;\"><a href=\"http:\/\/selmecziistvan.ininet.hu\/wp-content\/uploads\/2017\/07\/62.04.07.-Orvosi-rendel\u0151t....pdf\">62.04.07. Orvosi rendel\u0151t&#8230;<\/a><\/p>\n<p style=\"text-align: center;\"><a href=\"http:\/\/selmecziistvan.ininet.hu\/wp-content\/uploads\/2017\/07\/62.06.20.-Felh\u0151szakad\u00e1s-a-megy\u00e9ben.pdf\">62.06.20. Felh\u0151szakad\u00e1s a megy\u00e9ben<\/a><\/p>\n<p style=\"text-align: center;\"><a href=\"http:\/\/selmecziistvan.ininet.hu\/wp-content\/uploads\/2016\/09\/62.06.30.-Hajnaki-besz\u00e9lget\u00e9s-a-szom\u00f3di-M\u00e1rcius-15-Tsz-ben.pdf\">62.06.30. Hajnaki besz\u00e9lget\u00e9s a szom\u00f3di M\u00e1rcius 15 Tsz-ben<\/a><\/p>\n<p style=\"text-align: center;\"><a href=\"http:\/\/selmecziistvan.ininet.hu\/wp-content\/uploads\/2016\/09\/62.10.03.-Z\u00f6lds\u00e9gtermel\u0151-kombin\u00e1tot-l\u00e9tes\u00edtenek-Szom\u00f3don.pdf\">62.10.03. Z\u00f6lds\u00e9gtermel\u0151 kombin\u00e1tot l\u00e9tes\u00edtenek Szom\u00f3don<\/a><\/p>\n<p style=\"text-align: center;\"><a href=\"http:\/\/selmecziistvan.ininet.hu\/wp-content\/uploads\/2017\/07\/62.12.05.-A-nagymama.pdf\">62.12.05. A nagymama<\/a><\/p>\n","protected":false},"excerpt":{"rendered":"<p>62.01.24. A falut v\u00e1lasztotta 62.04.07. Orvosi rendel\u0151t&#8230; 62.06.20. Felh\u0151szakad\u00e1s a megy\u00e9ben 62.06.30. Hajnaki besz\u00e9lget\u00e9s a szom\u00f3di M\u00e1rcius 15 Tsz-ben 62.10.03. Z\u00f6lds\u00e9gtermel\u0151 kombin\u00e1tot l\u00e9tes\u00edtenek Szom\u00f3don 62.12.05. A nagymama<\/p>\n","protected":false},"author":1,"featured_media":0,"parent":686,"menu_order":8,"comment_status":"open","ping_status":"open","template":"","meta":[],"_links":{"self":[{"href":"http:\/\/selmecziistvan.ininet.hu\/index.php?rest_route=\/wp\/v2\/pages\/972"}],"collection":[{"href":"http:\/\/selmecziistvan.ininet.hu\/index.php?rest_route=\/wp\/v2\/pages"}],"about":[{"href":"http:\/\/selmecziistvan.ininet.hu\/index.php?rest_route=\/wp\/v2\/types\/page"}],"author":[{"embeddable":true,"href":"http:\/\/selmecziistvan.ininet.hu\/index.php?rest_route=\/wp\/v2\/users\/1"}],"replies":[{"embeddable":true,"href":"http:\/\/selmecziistvan.ininet.hu\/index.php?rest_route=%2Fwp%2Fv2%2Fcomments&post=972"}],"version-history":[{"count":3,"href":"http:\/\/selmecziistvan.ininet.hu\/index.php?rest_route=\/wp\/v2\/pages\/972\/revisions"}],"predecessor-version":[{"id":1227,"href":"http:\/\/selmecziistvan.ininet.hu\/index.php?rest_route=\/wp\/v2\/pages\/972\/revisions\/1227"}],"up":[{"embeddable":true,"href":"http:\/\/selmecziistvan.ininet.hu\/index.php?rest_route=\/wp\/v2\/pages\/686"}],"wp:attachment":[{"href":"http:\/\/selmecziistvan.ininet.hu\/index.php?rest_route=%2Fwp%2Fv2%2Fmedia&parent=972"}],"curies":[{"name":"wp","href":"https:\/\/api.w.org\/{rel}","templated":true}]}}