{"id":968,"date":"2016-11-25T12:01:11","date_gmt":"2016-11-25T12:01:11","guid":{"rendered":"http:\/\/selmecziistvan.ininet.hu\/?page_id=968"},"modified":"2016-11-25T12:01:18","modified_gmt":"2016-11-25T12:01:18","slug":"1960-2","status":"publish","type":"page","link":"http:\/\/selmecziistvan.ininet.hu\/?page_id=968","title":{"rendered":"1960."},"content":{"rendered":"<p style=\"text-align: center;\"><a href=\"http:\/\/selmecziistvan.ininet.hu\/wp-content\/uploads\/2016\/09\/60.01.01.-Termel\u0151sz\u00f6vetkezeteink-1960.-\u00e9vi-terveir\u0151l.pdf\">60.01.01. Termel\u0151sz\u00f6vetkezeteink 1960. \u00e9vi terveir\u0151l<\/a><\/p>\n<p style=\"text-align: center;\"><a href=\"http:\/\/selmecziistvan.ininet.hu\/wp-content\/uploads\/2016\/09\/60.01.13.-Az-\u00fat-egyre-feljebb-vezet.pdf\">60.01.13. Az \u00fat egyre feljebb vezet<\/a><\/p>\n<p style=\"text-align: center;\"><a href=\"http:\/\/selmecziistvan.ininet.hu\/wp-content\/uploads\/2016\/09\/60.02.13.-Elm\u00e9lked\u00e9s-a-krakk-r\u00f3l.pdf\">60.02.13. Elm\u00e9lked\u00e9s a krakk-r\u00f3l<\/a><\/p>\n<p style=\"text-align: center;\"><a href=\"http:\/\/selmecziistvan.ininet.hu\/wp-content\/uploads\/2016\/09\/60.02.27.-A-szom\u00f3di-\u00fatt\u00f6r\u0151k.pdf\">60.02.27. A szom\u00f3di \u00fatt\u00f6r\u0151k<\/a><\/p>\n<p style=\"text-align: center;\"><a href=\"http:\/\/selmecziistvan.ininet.hu\/wp-content\/uploads\/2016\/09\/60.03.02.-V\u00e1lasz-egy-lev\u00e9lre.pdf\">60.03.02. V\u00e1lasz egy lev\u00e9lre<\/a><\/p>\n<p style=\"text-align: center;\"><a href=\"http:\/\/selmecziistvan.ininet.hu\/wp-content\/uploads\/2016\/09\/60.03.09.-Sz\u00e1ntanak-vetnek-Szom\u00f3don.pdf\">60.03.09. Sz\u00e1ntanak-vetnek Szom\u00f3don<\/a><\/p>\n<p style=\"text-align: center;\"><a href=\"http:\/\/selmecziistvan.ininet.hu\/wp-content\/uploads\/2016\/09\/60.06.11.-J\u00f3l-j\u00f6vedelmez\u0151-kert\u00e9szet.pdf\">60.06.11. J\u00f3l j\u00f6vedelmez\u0151 kert\u00e9szet<\/a><\/p>\n<p style=\"text-align: center;\"><a href=\"http:\/\/selmecziistvan.ininet.hu\/wp-content\/uploads\/2016\/09\/60.07.13.-H\u00edrek.pdf\">60.07.13. H\u00edrek<\/a><\/p>\n<p style=\"text-align: center;\"><a href=\"http:\/\/selmecziistvan.ininet.hu\/wp-content\/uploads\/2016\/09\/60.07.13.-J\u00f3l-halad-az-arat\u00e1s-\u00e9s-a-n\u00f6v\u00e9ny\u00e1pol\u00e1s-Szom\u00f3don.pdf\">60.07.13. J\u00f3l halad az arat\u00e1s \u00e9s a n\u00f6v\u00e9ny\u00e1pol\u00e1s Szom\u00f3don<\/a><\/p>\n<p style=\"text-align: center;\"><a href=\"http:\/\/selmecziistvan.ininet.hu\/wp-content\/uploads\/2016\/09\/60.09.03.-Otthont-kapnak-a-szom\u00f3di-\u00fatt\u00f6r\u0151k.pdf\">60.09.03. Otthont kapnak a szom\u00f3di \u00fatt\u00f6r\u0151k<\/a><\/p>\n<p style=\"text-align: center;\"><a href=\"http:\/\/selmecziistvan.ininet.hu\/wp-content\/uploads\/2016\/09\/60.09.10.-El\u0151bb-orvosi-lak\u00e1s-azt\u00e1n-m\u0171vel\u0151d\u00e9si-h\u00e1z.pdf\">60.09.10. El\u0151bb orvosi lak\u00e1s &#8211; azt\u00e1n m\u0171vel\u0151d\u00e9si h\u00e1z<\/a><\/p>\n<p style=\"text-align: center;\"><a href=\"http:\/\/selmecziistvan.ininet.hu\/wp-content\/uploads\/2016\/09\/60.10.29.-\u00c1lljon-meg-a-szom\u00f3di-busz-a-felt\u00e9teles-meg\u00e1ll\u00f3kn\u00e1l-is.pdf\">60.10.29. \u00c1lljon meg a szom\u00f3di busz a felt\u00e9teles meg\u00e1ll\u00f3kn\u00e1l is<\/a><\/p>\n<p style=\"text-align: center;\"><a href=\"http:\/\/selmecziistvan.ininet.hu\/wp-content\/uploads\/2016\/09\/60.10.29.-L\u00e9p\u00e9sr\u0151l-l\u00e9p\u00e9sre.pdf\">60.10.29. L\u00e9p\u00e9sr\u0151l l\u00e9p\u00e9sre<\/a><\/p>\n","protected":false},"excerpt":{"rendered":"<p>60.01.01. Termel\u0151sz\u00f6vetkezeteink 1960. \u00e9vi terveir\u0151l 60.01.13. Az \u00fat egyre feljebb vezet 60.02.13. Elm\u00e9lked\u00e9s a krakk-r\u00f3l 60.02.27. A szom\u00f3di \u00fatt\u00f6r\u0151k 60.03.02. V\u00e1lasz egy lev\u00e9lre 60.03.09. Sz\u00e1ntanak-vetnek Szom\u00f3don 60.06.11. J\u00f3l j\u00f6vedelmez\u0151 kert\u00e9szet 60.07.13. H\u00edrek 60.07.13. J\u00f3l halad az arat\u00e1s \u00e9s a n\u00f6v\u00e9ny\u00e1pol\u00e1s &hellip; <a href=\"http:\/\/selmecziistvan.ininet.hu\/?page_id=968\">Egy kattint\u00e1s ide a folytat\u00e1shoz&#8230;. <span class=\"meta-nav\">&rarr;<\/span><\/a><\/p>\n","protected":false},"author":1,"featured_media":0,"parent":686,"menu_order":6,"comment_status":"open","ping_status":"open","template":"","meta":[],"_links":{"self":[{"href":"http:\/\/selmecziistvan.ininet.hu\/index.php?rest_route=\/wp\/v2\/pages\/968"}],"collection":[{"href":"http:\/\/selmecziistvan.ininet.hu\/index.php?rest_route=\/wp\/v2\/pages"}],"about":[{"href":"http:\/\/selmecziistvan.ininet.hu\/index.php?rest_route=\/wp\/v2\/types\/page"}],"author":[{"embeddable":true,"href":"http:\/\/selmecziistvan.ininet.hu\/index.php?rest_route=\/wp\/v2\/users\/1"}],"replies":[{"embeddable":true,"href":"http:\/\/selmecziistvan.ininet.hu\/index.php?rest_route=%2Fwp%2Fv2%2Fcomments&post=968"}],"version-history":[{"count":1,"href":"http:\/\/selmecziistvan.ininet.hu\/index.php?rest_route=\/wp\/v2\/pages\/968\/revisions"}],"predecessor-version":[{"id":969,"href":"http:\/\/selmecziistvan.ininet.hu\/index.php?rest_route=\/wp\/v2\/pages\/968\/revisions\/969"}],"up":[{"embeddable":true,"href":"http:\/\/selmecziistvan.ininet.hu\/index.php?rest_route=\/wp\/v2\/pages\/686"}],"wp:attachment":[{"href":"http:\/\/selmecziistvan.ininet.hu\/index.php?rest_route=%2Fwp%2Fv2%2Fmedia&parent=968"}],"curies":[{"name":"wp","href":"https:\/\/api.w.org\/{rel}","templated":true}]}}