{"id":958,"date":"2016-11-25T11:45:27","date_gmt":"2016-11-25T11:45:27","guid":{"rendered":"http:\/\/selmecziistvan.ininet.hu\/?page_id=958"},"modified":"2016-11-26T20:14:38","modified_gmt":"2016-11-26T20:14:38","slug":"1953-2","status":"publish","type":"page","link":"http:\/\/selmecziistvan.ininet.hu\/?page_id=958","title":{"rendered":"1953."},"content":{"rendered":"<p style=\"text-align: center;\"><a href=\"http:\/\/selmecziistvan.ininet.hu\/wp-content\/uploads\/2016\/11\/53.01.17.-Ahol-ismertetik-a-parasztokkal-az-\u00faj-begy\u00fcjt\u00e9si-rendeletet-ott-fokoz\u00f3dik-a-bead\u00e1s-\u00fcteme.pdf\">53.01.17. Ahol ismertetik a parasztokkal az \u00faj begy\u00fcjt\u00e9si rendeletet, ott fokoz\u00f3dik a bead\u00e1s \u00fcteme<\/a><\/p>\n<p style=\"text-align: center;\"><a href=\"http:\/\/selmecziistvan.ininet.hu\/wp-content\/uploads\/2016\/11\/53.06.10.-Kecsk\u00e9d-\u00e9s-Szom\u00f3d-vezetnek-a-tatai-j\u00e1r\u00e1s-k\u00f6zs\u00e9geinek-verseny\u00e9ben.pdf\">53.06.10. Kecsk\u00e9d \u00e9s Szom\u00f3d vezetnek a tatai j\u00e1r\u00e1s k\u00f6zs\u00e9geinek verseny\u00e9ben<\/a><\/p>\n<p style=\"text-align: center;\"><a href=\"http:\/\/selmecziistvan.ininet.hu\/wp-content\/uploads\/2016\/11\/53.09.09.-Id\u0151ben-teljes\u00edtett\u00fck-bead\u00e1sunkat-megvan-az-eredm\u00e9nye.pdf\">53.09.09. Id\u0151ben teljes\u00edtett\u00fck bead\u00e1sunkat, megvan az eredm\u00e9nye<\/a><\/p>\n","protected":false},"excerpt":{"rendered":"<p>53.01.17. Ahol ismertetik a parasztokkal az \u00faj begy\u00fcjt\u00e9si rendeletet, ott fokoz\u00f3dik a bead\u00e1s \u00fcteme 53.06.10. Kecsk\u00e9d \u00e9s Szom\u00f3d vezetnek a tatai j\u00e1r\u00e1s k\u00f6zs\u00e9geinek verseny\u00e9ben 53.09.09. Id\u0151ben teljes\u00edtett\u00fck bead\u00e1sunkat, megvan az eredm\u00e9nye<\/p>\n","protected":false},"author":1,"featured_media":0,"parent":686,"menu_order":1,"comment_status":"open","ping_status":"open","template":"","meta":[],"_links":{"self":[{"href":"http:\/\/selmecziistvan.ininet.hu\/index.php?rest_route=\/wp\/v2\/pages\/958"}],"collection":[{"href":"http:\/\/selmecziistvan.ininet.hu\/index.php?rest_route=\/wp\/v2\/pages"}],"about":[{"href":"http:\/\/selmecziistvan.ininet.hu\/index.php?rest_route=\/wp\/v2\/types\/page"}],"author":[{"embeddable":true,"href":"http:\/\/selmecziistvan.ininet.hu\/index.php?rest_route=\/wp\/v2\/users\/1"}],"replies":[{"embeddable":true,"href":"http:\/\/selmecziistvan.ininet.hu\/index.php?rest_route=%2Fwp%2Fv2%2Fcomments&post=958"}],"version-history":[{"count":3,"href":"http:\/\/selmecziistvan.ininet.hu\/index.php?rest_route=\/wp\/v2\/pages\/958\/revisions"}],"predecessor-version":[{"id":1001,"href":"http:\/\/selmecziistvan.ininet.hu\/index.php?rest_route=\/wp\/v2\/pages\/958\/revisions\/1001"}],"up":[{"embeddable":true,"href":"http:\/\/selmecziistvan.ininet.hu\/index.php?rest_route=\/wp\/v2\/pages\/686"}],"wp:attachment":[{"href":"http:\/\/selmecziistvan.ininet.hu\/index.php?rest_route=%2Fwp%2Fv2%2Fmedia&parent=958"}],"curies":[{"name":"wp","href":"https:\/\/api.w.org\/{rel}","templated":true}]}}