{"id":948,"date":"2016-11-25T11:26:49","date_gmt":"2016-11-25T11:26:49","guid":{"rendered":"http:\/\/selmecziistvan.ininet.hu\/?page_id=948"},"modified":"2017-07-19T10:09:50","modified_gmt":"2017-07-19T10:09:50","slug":"1965-2","status":"publish","type":"page","link":"http:\/\/selmecziistvan.ininet.hu\/?page_id=948","title":{"rendered":"1965."},"content":{"rendered":"<p style=\"text-align: center;\"><a href=\"http:\/\/selmecziistvan.ininet.hu\/wp-content\/uploads\/2016\/09\/65.04.14.-A-k\u00f6nyvt\u00e1ros-dics\u00e9rete.pdf\">65.04.14. A k\u00f6nyvt\u00e1ros dics\u00e9rete<\/a><\/p>\n<p style=\"text-align: center;\"><a href=\"http:\/\/selmecziistvan.ininet.hu\/wp-content\/uploads\/2016\/11\/65.06.27.-Egy-kib\u0151v\u00edtett-p\u00e1rttaggy\u0171l\u00e9s-tanuls\u00e1gai.pdf\">65.06.27. Egy kib\u0151v\u00edtett p\u00e1rttaggy\u0171l\u00e9s tanuls\u00e1gai<\/a><\/p>\n<p style=\"text-align: center;\"><a href=\"http:\/\/selmecziistvan.ininet.hu\/wp-content\/uploads\/2016\/09\/65.07.25.-Hint\u00f3n-a-hat\u00e1rban.pdf\">65.07.25. Hint\u00f3n a hat\u00e1rban<\/a><\/p>\n<p style=\"text-align: center;\"><a href=\"http:\/\/selmecziistvan.ininet.hu\/wp-content\/uploads\/2016\/11\/65.08.14.-Beszeg\u0151d\u00f6tt-juh\u00e1sznak.pdf\">65.08.14. Beszeg\u0151d\u00f6tt juh\u00e1sznak<\/a><\/p>\n<p style=\"text-align: center;\"><a href=\"http:\/\/selmecziistvan.ininet.hu\/wp-content\/uploads\/2016\/09\/65.08.17.-A-j\u00f3-munka-titka.pdf\">65.08.17. A j\u00f3 munka titka<\/a><\/p>\n<p style=\"text-align: center;\"><a href=\"http:\/\/selmecziistvan.ininet.hu\/wp-content\/uploads\/2016\/09\/65.08.17.-Ny\u00e1ri-sz\u00e1nt\u00e1s.pdf\">65.08.17. Ny\u00e1ri sz\u00e1nt\u00e1s<\/a><\/p>\n<p style=\"text-align: center;\"><a href=\"http:\/\/selmecziistvan.ininet.hu\/wp-content\/uploads\/2016\/09\/65.08.25.-Szeptemberben-itt-m\u00e1t-tan\u00edtanak.pdf\">65.08.25. Szeptemberben itt m\u00e1t tan\u00edtanak<\/a><\/p>\n<p style=\"text-align: center;\"><a href=\"http:\/\/selmecziistvan.ininet.hu\/wp-content\/uploads\/2016\/09\/65.08.29.-A-hatalmas-hat\u00e1rt-j\u00e1rva....pdf\">65.08.29. A hatalmas hat\u00e1rt j\u00e1rva&#8230;<\/a><\/p>\n<p style=\"text-align: center;\"><a href=\"http:\/\/selmecziistvan.ininet.hu\/wp-content\/uploads\/2016\/11\/65.09.01.-Egy-beteg-v\u00e1llalkoz\u00e1s-t\u00f6rt\u00e9nete.pdf\">65.09.01. Egy ,beteg v\u00e1llalkoz\u00e1s&#8217; t\u00f6rt\u00e9nete<\/a><\/p>\n<p style=\"text-align: center;\"><a href=\"http:\/\/selmecziistvan.ininet.hu\/wp-content\/uploads\/2016\/11\/65.09.02.-Szerkeszt\u0151i-\u00fczenet.pdf\">65.09.02. Szerkeszt\u0151i \u00fczenet<\/a><\/p>\n<p style=\"text-align: center;\"><a href=\"http:\/\/selmecziistvan.ininet.hu\/wp-content\/uploads\/2016\/09\/65.09.09.-A-f\u0151agron\u00f3mus-hobbija.pdf\">65.09.09. A f\u0151agron\u00f3mus hobbija<\/a><\/p>\n<p style=\"text-align: center;\"><a href=\"http:\/\/selmecziistvan.ininet.hu\/wp-content\/uploads\/2016\/09\/65.09.10.-Enyh\u00fcl-a-takarm\u00e1nygond.pdf\">65.09.10. Enyh\u00fcl a takarm\u00e1nygond<\/a><\/p>\n<p style=\"text-align: center;\"><a href=\"http:\/\/selmecziistvan.ininet.hu\/wp-content\/uploads\/2016\/11\/65.09.24.-Napi-18-\u00f3ra-traktoron.pdf\">65.09.24. Napi 18 \u00f3ra traktoron<\/a><\/p>\n<p style=\"text-align: center;\"><a href=\"http:\/\/selmecziistvan.ininet.hu\/wp-content\/uploads\/2016\/09\/65.09.28.-J\u00e1r\u00e1si-sz\u00e1nt\u00e1si-verseny-Tat\u00e1n.pdf\">65.09.28. J\u00e1r\u00e1si sz\u00e1nt\u00e1si verseny Tat\u00e1n<\/a><\/p>\n<p style=\"text-align: center;\"><a href=\"http:\/\/selmecziistvan.ininet.hu\/wp-content\/uploads\/2016\/11\/65.10.09.-Ahol-betegs\u00e9g-eset\u00e9n-is-megb\u00edzhat\u00f3-t\u00e1masz-lehet-a-termel\u0151sz\u00f6vetkezet.pdf\">65.10.09. Ahol betegs\u00e9g eset\u00e9n is megb\u00edzhat\u00f3 t\u00e1masz lehet a termel\u0151sz\u00f6vetkezet<\/a><\/p>\n<p style=\"text-align: center;\"><a href=\"http:\/\/selmecziistvan.ininet.hu\/wp-content\/uploads\/2016\/11\/65.12.09.-A-csodasz\u0151l\u00e9sz.pdf\">65.12.09. A csodasz\u0151l\u00e9sz<\/a><\/p>\n<p style=\"text-align: center;\"><a href=\"http:\/\/selmecziistvan.ininet.hu\/wp-content\/uploads\/2016\/09\/65.12.13.-Csehszlov\u00e1k-vend\u00e9gek-a-dadi-tsz-ben.pdf\">65.12.13. Csehszlov\u00e1k vend\u00e9gek a dadi tsz-ben<\/a><\/p>\n<p style=\"text-align: center;\"><a href=\"http:\/\/selmecziistvan.ininet.hu\/wp-content\/uploads\/2016\/09\/65.12.30.-Esztend\u0151-v\u00e9gi-pillanatk\u00e9p-Dadon.pdf\">65.12.30. Esztend\u0151 v\u00e9gi pillanatk\u00e9p Dadon<\/a><\/p>\n","protected":false},"excerpt":{"rendered":"<p>65.04.14. A k\u00f6nyvt\u00e1ros dics\u00e9rete 65.06.27. Egy kib\u0151v\u00edtett p\u00e1rttaggy\u0171l\u00e9s tanuls\u00e1gai 65.07.25. Hint\u00f3n a hat\u00e1rban 65.08.14. Beszeg\u0151d\u00f6tt juh\u00e1sznak 65.08.17. A j\u00f3 munka titka 65.08.17. Ny\u00e1ri sz\u00e1nt\u00e1s 65.08.25. Szeptemberben itt m\u00e1t tan\u00edtanak 65.08.29. A hatalmas hat\u00e1rt j\u00e1rva&#8230; 65.09.01. Egy ,beteg v\u00e1llalkoz\u00e1s&#8217; t\u00f6rt\u00e9nete 65.09.02. &hellip; <a href=\"http:\/\/selmecziistvan.ininet.hu\/?page_id=948\">Egy kattint\u00e1s ide a folytat\u00e1shoz&#8230;. <span class=\"meta-nav\">&rarr;<\/span><\/a><\/p>\n","protected":false},"author":1,"featured_media":0,"parent":642,"menu_order":11,"comment_status":"open","ping_status":"open","template":"","meta":[],"_links":{"self":[{"href":"http:\/\/selmecziistvan.ininet.hu\/index.php?rest_route=\/wp\/v2\/pages\/948"}],"collection":[{"href":"http:\/\/selmecziistvan.ininet.hu\/index.php?rest_route=\/wp\/v2\/pages"}],"about":[{"href":"http:\/\/selmecziistvan.ininet.hu\/index.php?rest_route=\/wp\/v2\/types\/page"}],"author":[{"embeddable":true,"href":"http:\/\/selmecziistvan.ininet.hu\/index.php?rest_route=\/wp\/v2\/users\/1"}],"replies":[{"embeddable":true,"href":"http:\/\/selmecziistvan.ininet.hu\/index.php?rest_route=%2Fwp%2Fv2%2Fcomments&post=948"}],"version-history":[{"count":3,"href":"http:\/\/selmecziistvan.ininet.hu\/index.php?rest_route=\/wp\/v2\/pages\/948\/revisions"}],"predecessor-version":[{"id":1270,"href":"http:\/\/selmecziistvan.ininet.hu\/index.php?rest_route=\/wp\/v2\/pages\/948\/revisions\/1270"}],"up":[{"embeddable":true,"href":"http:\/\/selmecziistvan.ininet.hu\/index.php?rest_route=\/wp\/v2\/pages\/642"}],"wp:attachment":[{"href":"http:\/\/selmecziistvan.ininet.hu\/index.php?rest_route=%2Fwp%2Fv2%2Fmedia&parent=948"}],"curies":[{"name":"wp","href":"https:\/\/api.w.org\/{rel}","templated":true}]}}