{"id":942,"date":"2016-11-25T11:13:21","date_gmt":"2016-11-25T11:13:21","guid":{"rendered":"http:\/\/selmecziistvan.ininet.hu\/?page_id=942"},"modified":"2017-07-15T06:48:32","modified_gmt":"2017-07-15T06:48:32","slug":"1962-2","status":"publish","type":"page","link":"http:\/\/selmecziistvan.ininet.hu\/?page_id=942","title":{"rendered":"1962."},"content":{"rendered":"<p style=\"text-align: center;\"><a href=\"http:\/\/selmecziistvan.ininet.hu\/wp-content\/uploads\/2016\/11\/62.01.13.-Hat\u00e1rozottabban-seg\u00edtse-a-k\u00f6zs\u00e9gi-tan\u00e1cs-a-termel\u0151-sz\u00f6vetkezetet.pdf\">62.01.13. Hat\u00e1rozottabban seg\u00edtse a k\u00f6zs\u00e9gi tan\u00e1cs a termel\u0151 sz\u00f6vetkezetet<\/a><\/p>\n<p style=\"text-align: center;\"><a href=\"http:\/\/selmecziistvan.ininet.hu\/wp-content\/uploads\/2016\/11\/62.01.30.-Mit-tanultam.pdf\">62.01.30. Mit tanultam<\/a><\/p>\n<p style=\"text-align: center;\"><a href=\"http:\/\/selmecziistvan.ininet.hu\/wp-content\/uploads\/2016\/11\/62.03.28.-\u00daj-tarktort-v\u00e1s\u00e1rol-a-tags\u00e1g.pdf\">62.03.28. \u00daj tarktort v\u00e1s\u00e1rol a tags\u00e1g<\/a><\/p>\n<p style=\"text-align: center;\"><a href=\"http:\/\/selmecziistvan.ininet.hu\/wp-content\/uploads\/2016\/09\/62.04.21.-Termel\u00e9si-tan\u00e1cskoz\u00e1s-\u00e9s-vezet\u0151s\u00e9gi-\u00fcl\u00e9s-Dadon.pdf\">62.04.21. Termel\u00e9si tan\u00e1cskoz\u00e1s \u00e9s vezet\u0151s\u00e9gi \u00fcl\u00e9s Dadon<\/a><\/p>\n<p style=\"text-align: center;\"><a href=\"http:\/\/selmecziistvan.ininet.hu\/wp-content\/uploads\/2016\/11\/62.04.21.-T\u0171zolt\u00f3k-k\u00f6lcs\u00f6n\u00f6s-seg\u00edts\u00e9ge.pdf\">62.04.21. T\u0171zolt\u00f3k k\u00f6lcs\u00f6n\u00f6s seg\u00edts\u00e9ge<\/a><\/p>\n<p style=\"text-align: center;\"><a href=\"http:\/\/selmecziistvan.ininet.hu\/wp-content\/uploads\/2016\/09\/62.04.28.-A-j\u00f3-gazda-gondoss\u00e1g\u00e1val....pdf\">62.04.28. A j\u00f3 gazda gondoss\u00e1g\u00e1val&#8230;<\/a><\/p>\n<p style=\"text-align: center;\"><a href=\"http:\/\/selmecziistvan.ininet.hu\/wp-content\/uploads\/2016\/09\/62.05.23.-Hatvan-perc-alatt-t\u00f6rt\u00e9nt.pdf\">62.05.23. Hatvan perc alatt t\u00f6rt\u00e9nt<\/a><\/p>\n<p style=\"text-align: center;\"><a href=\"http:\/\/selmecziistvan.ininet.hu\/wp-content\/uploads\/2016\/09\/62.05.30.-Csapatz\u00e1szl\u00f3t-kaptak-Dad-\u00fatt\u00f6r\u0151i.pdf\">62.05.30. Csapatz\u00e1szl\u00f3t kaptak Dad \u00fatt\u00f6r\u0151i<\/a><\/p>\n<p style=\"text-align: center;\"><a href=\"http:\/\/selmecziistvan.ininet.hu\/wp-content\/uploads\/2016\/11\/62.07.11.-R\u00e9gmult-\u00e9s-a-jelen-tal\u00e1lkoz\u00e1sa.pdf\">62.07.11. R\u00e9gmult \u00e9s a jelen tal\u00e1lkoz\u00e1sa<\/a><\/p>\n<p style=\"text-align: center;\"><a href=\"http:\/\/selmecziistvan.ininet.hu\/wp-content\/uploads\/2016\/09\/62.08.29.-Munk\u00e1s-paraszt-tal\u00e1lkoz\u00f3-Dadon.pdf\">62.08.29. Munk\u00e1s-paraszt tal\u00e1lkoz\u00f3 Dadon<\/a><\/p>\n<p style=\"text-align: center;\"><a href=\"http:\/\/selmecziistvan.ininet.hu\/wp-content\/uploads\/2016\/09\/62.11.07.-Az-Aranykal\u00e1sz-aranyfedezete.pdf\">62.11.07. Az Aranykal\u00e1sz aranyfedezete<\/a><\/p>\n","protected":false},"excerpt":{"rendered":"<p>62.01.13. Hat\u00e1rozottabban seg\u00edtse a k\u00f6zs\u00e9gi tan\u00e1cs a termel\u0151 sz\u00f6vetkezetet 62.01.30. Mit tanultam 62.03.28. \u00daj tarktort v\u00e1s\u00e1rol a tags\u00e1g 62.04.21. Termel\u00e9si tan\u00e1cskoz\u00e1s \u00e9s vezet\u0151s\u00e9gi \u00fcl\u00e9s Dadon 62.04.21. T\u0171zolt\u00f3k k\u00f6lcs\u00f6n\u00f6s seg\u00edts\u00e9ge 62.04.28. A j\u00f3 gazda gondoss\u00e1g\u00e1val&#8230; 62.05.23. Hatvan perc alatt t\u00f6rt\u00e9nt 62.05.30. &hellip; <a href=\"http:\/\/selmecziistvan.ininet.hu\/?page_id=942\">Egy kattint\u00e1s ide a folytat\u00e1shoz&#8230;. <span class=\"meta-nav\">&rarr;<\/span><\/a><\/p>\n","protected":false},"author":1,"featured_media":0,"parent":642,"menu_order":8,"comment_status":"open","ping_status":"open","template":"","meta":[],"_links":{"self":[{"href":"http:\/\/selmecziistvan.ininet.hu\/index.php?rest_route=\/wp\/v2\/pages\/942"}],"collection":[{"href":"http:\/\/selmecziistvan.ininet.hu\/index.php?rest_route=\/wp\/v2\/pages"}],"about":[{"href":"http:\/\/selmecziistvan.ininet.hu\/index.php?rest_route=\/wp\/v2\/types\/page"}],"author":[{"embeddable":true,"href":"http:\/\/selmecziistvan.ininet.hu\/index.php?rest_route=\/wp\/v2\/users\/1"}],"replies":[{"embeddable":true,"href":"http:\/\/selmecziistvan.ininet.hu\/index.php?rest_route=%2Fwp%2Fv2%2Fcomments&post=942"}],"version-history":[{"count":3,"href":"http:\/\/selmecziistvan.ininet.hu\/index.php?rest_route=\/wp\/v2\/pages\/942\/revisions"}],"predecessor-version":[{"id":1217,"href":"http:\/\/selmecziistvan.ininet.hu\/index.php?rest_route=\/wp\/v2\/pages\/942\/revisions\/1217"}],"up":[{"embeddable":true,"href":"http:\/\/selmecziistvan.ininet.hu\/index.php?rest_route=\/wp\/v2\/pages\/642"}],"wp:attachment":[{"href":"http:\/\/selmecziistvan.ininet.hu\/index.php?rest_route=%2Fwp%2Fv2%2Fmedia&parent=942"}],"curies":[{"name":"wp","href":"https:\/\/api.w.org\/{rel}","templated":true}]}}