{"id":642,"date":"2016-09-19T07:50:13","date_gmt":"2016-09-19T07:50:13","guid":{"rendered":"http:\/\/selmecziistvan.ininet.hu\/?page_id=642"},"modified":"2016-11-25T11:36:34","modified_gmt":"2016-11-25T11:36:34","slug":"dadi-felmult-dolgozok-lapja-oldalain","status":"publish","type":"page","link":"http:\/\/selmecziistvan.ininet.hu\/?page_id=642","title":{"rendered":"Dadi \u201ef\u00e9lm\u00falt\u201d a Dolgoz\u00f3k Lapja oldalain"},"content":{"rendered":"<p>Kom\u00e1rom megye egykori napilapj\u00e1t, a Dolgoz\u00f3k Lapj\u00e1t ugyan nem k\u00f6zvetlen\u00fcl Dad szempontj\u00e1b\u00f3l kutattam, de term\u00e9szetesen, ha valamelyik oldalon r\u00e1bukkantam sz\u00fcl\u0151falum nev\u00e9re, azonnal elolvastam a cikket \u00e9s el is mentettem. Ez\u00faton pedig megosztom \u00d6n\u00f6kkel is.<\/p>\n<p>Tal\u00e1n nem is kellene k\u00fcl\u00f6n megeml\u00edteni, de k\u00e9rem, annak figyelembev\u00e9tel\u00e9vel olvass\u00e1k az \u00edr\u00e1sokat, hogy az akkori \u00fajs\u00e1gokat nem felt\u00e9tlen\u00fcl a politikai t\u00e1rgyilagoss\u00e1g jellemezte. A megyei lapok is az MDP k\u00e9s\u0151bb az MSZMP propaganda eszk\u00f6zei voltak, \u00edgy nem \u00e1llt t\u0151l\u00fck t\u00e1vol, hogy ha kellett (k\u00fcl\u00f6n\u00f6sen az 50-es \u00e9vekben), embereket j\u00e1rattak le alaptalanul.<\/p>\n<p>Az \u00edr\u00e1sok ismertet\u00e9s\u00e9t az 1962-es \u00e9vben megjelentekkel kezdem, melyet a terveim szerint tov\u00e1bbi \u00e9vfolyamok bemutat\u00e1s\u00e1val folytatom.<\/p>\n<p>Forr\u00e1s: J\u00f3zsef Attila Megyei \u00e9s V\u00e1rosi K\u00f6nyvt\u00e1r, Tatab\u00e1nya \u2013 Kom\u00e1rom- Esztergom Megyei 24 \u00f3ra 1952-2010<\/p>\n<p style=\"text-align: center;\"><strong>\u00a0<\/strong><\/p>\n<p style=\"text-align: center;\">\n","protected":false},"excerpt":{"rendered":"<p>Kom\u00e1rom megye egykori napilapj\u00e1t, a Dolgoz\u00f3k Lapj\u00e1t ugyan nem k\u00f6zvetlen\u00fcl Dad szempontj\u00e1b\u00f3l kutattam, de term\u00e9szetesen, ha valamelyik oldalon r\u00e1bukkantam sz\u00fcl\u0151falum nev\u00e9re, azonnal elolvastam a cikket \u00e9s el is mentettem. Ez\u00faton pedig megosztom \u00d6n\u00f6kkel is. Tal\u00e1n nem is kellene k\u00fcl\u00f6n megeml\u00edteni, &hellip; <a href=\"http:\/\/selmecziistvan.ininet.hu\/?page_id=642\">Egy kattint\u00e1s ide a folytat\u00e1shoz&#8230;. <span class=\"meta-nav\">&rarr;<\/span><\/a><\/p>\n","protected":false},"author":1,"featured_media":0,"parent":636,"menu_order":0,"comment_status":"open","ping_status":"closed","template":"","meta":[],"_links":{"self":[{"href":"http:\/\/selmecziistvan.ininet.hu\/index.php?rest_route=\/wp\/v2\/pages\/642"}],"collection":[{"href":"http:\/\/selmecziistvan.ininet.hu\/index.php?rest_route=\/wp\/v2\/pages"}],"about":[{"href":"http:\/\/selmecziistvan.ininet.hu\/index.php?rest_route=\/wp\/v2\/types\/page"}],"author":[{"embeddable":true,"href":"http:\/\/selmecziistvan.ininet.hu\/index.php?rest_route=\/wp\/v2\/users\/1"}],"replies":[{"embeddable":true,"href":"http:\/\/selmecziistvan.ininet.hu\/index.php?rest_route=%2Fwp%2Fv2%2Fcomments&post=642"}],"version-history":[{"count":17,"href":"http:\/\/selmecziistvan.ininet.hu\/index.php?rest_route=\/wp\/v2\/pages\/642\/revisions"}],"predecessor-version":[{"id":955,"href":"http:\/\/selmecziistvan.ininet.hu\/index.php?rest_route=\/wp\/v2\/pages\/642\/revisions\/955"}],"up":[{"embeddable":true,"href":"http:\/\/selmecziistvan.ininet.hu\/index.php?rest_route=\/wp\/v2\/pages\/636"}],"wp:attachment":[{"href":"http:\/\/selmecziistvan.ininet.hu\/index.php?rest_route=%2Fwp%2Fv2%2Fmedia&parent=642"}],"curies":[{"name":"wp","href":"https:\/\/api.w.org\/{rel}","templated":true}]}}