{"id":53,"date":"2013-08-29T05:52:18","date_gmt":"2013-08-29T05:52:18","guid":{"rendered":"http:\/\/selmecziistvan.ininet.hu\/?page_id=53"},"modified":"2013-09-13T08:05:43","modified_gmt":"2013-09-13T08:05:43","slug":"levelek","status":"publish","type":"page","link":"http:\/\/selmecziistvan.ininet.hu\/?page_id=53","title":{"rendered":"Levelek"},"content":{"rendered":"<p><a href=\"http:\/\/selmecziistvan.ininet.hu\/wp-content\/uploads\/2013\/08\/parancsnoki-\u00e9rtes\u00edt\u00e9s.jpg\"><img loading=\"lazy\" class=\"size-medium wp-image-74 aligncenter\" alt=\"parancsnoki \u00e9rtes\u00edt\u00e9s\" src=\"http:\/\/selmecziistvan.ininet.hu\/wp-content\/uploads\/2013\/08\/parancsnoki-\u00e9rtes\u00edt\u00e9s-218x300.jpg\" width=\"218\" height=\"300\" srcset=\"http:\/\/selmecziistvan.ininet.hu\/wp-content\/uploads\/2013\/08\/parancsnoki-\u00e9rtes\u00edt\u00e9s-218x300.jpg 218w, http:\/\/selmecziistvan.ininet.hu\/wp-content\/uploads\/2013\/08\/parancsnoki-\u00e9rtes\u00edt\u00e9s-744x1024.jpg 744w, http:\/\/selmecziistvan.ininet.hu\/wp-content\/uploads\/2013\/08\/parancsnoki-\u00e9rtes\u00edt\u00e9s.jpg 1700w\" sizes=\"(max-width: 218px) 100vw, 218px\" \/><\/a> <a href=\"http:\/\/selmecziistvan.ininet.hu\/wp-content\/uploads\/2013\/08\/42-03-06.jpg\"><img loading=\"lazy\" class=\"size-medium wp-image-72 aligncenter\" alt=\"42-03-06\" src=\"http:\/\/selmecziistvan.ininet.hu\/wp-content\/uploads\/2013\/08\/42-03-06-300x212.jpg\" width=\"300\" height=\"212\" srcset=\"http:\/\/selmecziistvan.ininet.hu\/wp-content\/uploads\/2013\/08\/42-03-06-300x212.jpg 300w, http:\/\/selmecziistvan.ininet.hu\/wp-content\/uploads\/2013\/08\/42-03-06-1024x724.jpg 1024w, http:\/\/selmecziistvan.ininet.hu\/wp-content\/uploads\/2013\/08\/42-03-06.jpg 1154w\" sizes=\"(max-width: 300px) 100vw, 300px\" \/><\/a><\/p>\n<p style=\"text-align: center;\"><a href=\"http:\/\/selmecziistvan.ininet.hu\/wp-content\/uploads\/2013\/08\/42-04-28.jpg\"><img loading=\"lazy\" class=\"alignnone size-medium wp-image-69\" alt=\"42-04-28\" src=\"http:\/\/selmecziistvan.ininet.hu\/wp-content\/uploads\/2013\/08\/42-04-28-300x212.jpg\" width=\"300\" height=\"212\" srcset=\"http:\/\/selmecziistvan.ininet.hu\/wp-content\/uploads\/2013\/08\/42-04-28-300x212.jpg 300w, http:\/\/selmecziistvan.ininet.hu\/wp-content\/uploads\/2013\/08\/42-04-28-1024x724.jpg 1024w, http:\/\/selmecziistvan.ininet.hu\/wp-content\/uploads\/2013\/08\/42-04-28.jpg 1146w\" sizes=\"(max-width: 300px) 100vw, 300px\" \/><\/a><\/p>\n<p><a href=\"http:\/\/selmecziistvan.ininet.hu\/wp-content\/uploads\/2013\/08\/41-04-26.jpg\"><img loading=\"lazy\" class=\"size-medium wp-image-71 aligncenter\" alt=\"41-04-26\" src=\"http:\/\/selmecziistvan.ininet.hu\/wp-content\/uploads\/2013\/08\/41-04-26-300x209.jpg\" width=\"300\" height=\"209\" srcset=\"http:\/\/selmecziistvan.ininet.hu\/wp-content\/uploads\/2013\/08\/41-04-26-300x209.jpg 300w, http:\/\/selmecziistvan.ininet.hu\/wp-content\/uploads\/2013\/08\/41-04-26-1024x716.jpg 1024w, http:\/\/selmecziistvan.ininet.hu\/wp-content\/uploads\/2013\/08\/41-04-26.jpg 1156w\" sizes=\"(max-width: 300px) 100vw, 300px\" \/><\/a> <a href=\"http:\/\/selmecziistvan.ininet.hu\/wp-content\/uploads\/2013\/08\/41-04-17.jpg\"><img loading=\"lazy\" class=\"size-medium wp-image-70 aligncenter\" alt=\"41-04-17\" src=\"http:\/\/selmecziistvan.ininet.hu\/wp-content\/uploads\/2013\/08\/41-04-17-300x211.jpg\" width=\"300\" height=\"211\" srcset=\"http:\/\/selmecziistvan.ininet.hu\/wp-content\/uploads\/2013\/08\/41-04-17-300x211.jpg 300w, http:\/\/selmecziistvan.ininet.hu\/wp-content\/uploads\/2013\/08\/41-04-17-1024x722.jpg 1024w, http:\/\/selmecziistvan.ininet.hu\/wp-content\/uploads\/2013\/08\/41-04-17.jpg 1162w\" sizes=\"(max-width: 300px) 100vw, 300px\" \/><\/a><\/p>\n","protected":false},"excerpt":{"rendered":"","protected":false},"author":1,"featured_media":0,"parent":103,"menu_order":1,"comment_status":"open","ping_status":"open","template":"","meta":[],"_links":{"self":[{"href":"http:\/\/selmecziistvan.ininet.hu\/index.php?rest_route=\/wp\/v2\/pages\/53"}],"collection":[{"href":"http:\/\/selmecziistvan.ininet.hu\/index.php?rest_route=\/wp\/v2\/pages"}],"about":[{"href":"http:\/\/selmecziistvan.ininet.hu\/index.php?rest_route=\/wp\/v2\/types\/page"}],"author":[{"embeddable":true,"href":"http:\/\/selmecziistvan.ininet.hu\/index.php?rest_route=\/wp\/v2\/users\/1"}],"replies":[{"embeddable":true,"href":"http:\/\/selmecziistvan.ininet.hu\/index.php?rest_route=%2Fwp%2Fv2%2Fcomments&post=53"}],"version-history":[{"count":7,"href":"http:\/\/selmecziistvan.ininet.hu\/index.php?rest_route=\/wp\/v2\/pages\/53\/revisions"}],"predecessor-version":[{"id":262,"href":"http:\/\/selmecziistvan.ininet.hu\/index.php?rest_route=\/wp\/v2\/pages\/53\/revisions\/262"}],"up":[{"embeddable":true,"href":"http:\/\/selmecziistvan.ininet.hu\/index.php?rest_route=\/wp\/v2\/pages\/103"}],"wp:attachment":[{"href":"http:\/\/selmecziistvan.ininet.hu\/index.php?rest_route=%2Fwp%2Fv2%2Fmedia&parent=53"}],"curies":[{"name":"wp","href":"https:\/\/api.w.org\/{rel}","templated":true}]}}