{"id":525,"date":"2015-08-28T10:35:50","date_gmt":"2015-08-28T10:35:50","guid":{"rendered":"http:\/\/selmecziistvan.ininet.hu\/?page_id=525"},"modified":"2015-08-28T10:56:08","modified_gmt":"2015-08-28T10:56:08","slug":"fotok-dokumentumok","status":"publish","type":"page","link":"http:\/\/selmecziistvan.ininet.hu\/?page_id=525","title":{"rendered":"Fot\u00f3k, dokumentumok"},"content":{"rendered":"<div id=\"attachment_528\" style=\"width: 310px\" class=\"wp-caption aligncenter\"><a href=\"http:\/\/selmecziistvan.ininet.hu\/wp-content\/uploads\/2015\/08\/grebenka-jan.18.jpg\"><img aria-describedby=\"caption-attachment-528\" loading=\"lazy\" class=\"size-medium wp-image-528 \" alt=\"grebenka jan.18\" src=\"http:\/\/selmecziistvan.ininet.hu\/wp-content\/uploads\/2015\/08\/grebenka-jan.18-300x224.jpg\" width=\"300\" height=\"224\" srcset=\"http:\/\/selmecziistvan.ininet.hu\/wp-content\/uploads\/2015\/08\/grebenka-jan.18-300x224.jpg 300w, http:\/\/selmecziistvan.ininet.hu\/wp-content\/uploads\/2015\/08\/grebenka-jan.18.jpg 656w\" sizes=\"(max-width: 300px) 100vw, 300px\" \/><\/a><p id=\"caption-attachment-528\" class=\"wp-caption-text\">Grebenka, 1942. janu\u00e1r. 18.<\/p><\/div>\n<div id=\"attachment_529\" style=\"width: 310px\" class=\"wp-caption aligncenter\"><a href=\"http:\/\/selmecziistvan.ininet.hu\/wp-content\/uploads\/2015\/08\/harkovi-foglyok-3.jpg\"><img aria-describedby=\"caption-attachment-529\" loading=\"lazy\" class=\"size-medium wp-image-529 \" alt=\"harkovi foglyok (3)\" src=\"http:\/\/selmecziistvan.ininet.hu\/wp-content\/uploads\/2015\/08\/harkovi-foglyok-3-300x207.jpg\" width=\"300\" height=\"207\" srcset=\"http:\/\/selmecziistvan.ininet.hu\/wp-content\/uploads\/2015\/08\/harkovi-foglyok-3-300x207.jpg 300w, http:\/\/selmecziistvan.ininet.hu\/wp-content\/uploads\/2015\/08\/harkovi-foglyok-3.jpg 677w\" sizes=\"(max-width: 300px) 100vw, 300px\" \/><\/a><p id=\"caption-attachment-529\" class=\"wp-caption-text\">Orosz hadifoglyok a harkovi csata ut\u00e1n<\/p><\/div>\n<div id=\"attachment_532\" style=\"width: 223px\" class=\"wp-caption aligncenter\"><a href=\"http:\/\/selmecziistvan.ininet.hu\/wp-content\/uploads\/2015\/08\/legyen-meg-a-te-akaratod-3.jpg\"><img aria-describedby=\"caption-attachment-532\" loading=\"lazy\" class=\"size-medium wp-image-532 \" alt=\"legyen meg a te akaratod 3\" src=\"http:\/\/selmecziistvan.ininet.hu\/wp-content\/uploads\/2015\/08\/legyen-meg-a-te-akaratod-3-213x300.jpg\" width=\"213\" height=\"300\" srcset=\"http:\/\/selmecziistvan.ininet.hu\/wp-content\/uploads\/2015\/08\/legyen-meg-a-te-akaratod-3-213x300.jpg 213w, http:\/\/selmecziistvan.ininet.hu\/wp-content\/uploads\/2015\/08\/legyen-meg-a-te-akaratod-3.jpg 516w\" sizes=\"(max-width: 213px) 100vw, 213px\" \/><\/a><p id=\"caption-attachment-532\" class=\"wp-caption-text\">Legyen meg a te akaratod!<\/p><\/div>\n<div id=\"attachment_530\" style=\"width: 310px\" class=\"wp-caption aligncenter\"><a href=\"http:\/\/selmecziistvan.ininet.hu\/wp-content\/uploads\/2015\/08\/Image-58.jpg\"><img aria-describedby=\"caption-attachment-530\" loading=\"lazy\" class=\"size-medium wp-image-530 \" alt=\"Image (58)\" src=\"http:\/\/selmecziistvan.ininet.hu\/wp-content\/uploads\/2015\/08\/Image-58-300x225.jpg\" width=\"300\" height=\"225\" srcset=\"http:\/\/selmecziistvan.ininet.hu\/wp-content\/uploads\/2015\/08\/Image-58-300x225.jpg 300w, http:\/\/selmecziistvan.ininet.hu\/wp-content\/uploads\/2015\/08\/Image-58-1024x769.jpg 1024w\" sizes=\"(max-width: 300px) 100vw, 300px\" \/><\/a><p id=\"caption-attachment-530\" class=\"wp-caption-text\">Keleti T\u00e9li Eml\u00e9k\u00e9rem igazolv\u00e1ny<\/p><\/div>\n<div id=\"attachment_531\" style=\"width: 310px\" class=\"wp-caption aligncenter\"><a href=\"http:\/\/selmecziistvan.ininet.hu\/wp-content\/uploads\/2015\/08\/Image-59.jpg\"><img aria-describedby=\"caption-attachment-531\" loading=\"lazy\" class=\"size-medium wp-image-531 \" alt=\"Image (59)\" src=\"http:\/\/selmecziistvan.ininet.hu\/wp-content\/uploads\/2015\/08\/Image-59-300x221.jpg\" width=\"300\" height=\"221\" srcset=\"http:\/\/selmecziistvan.ininet.hu\/wp-content\/uploads\/2015\/08\/Image-59-300x221.jpg 300w, http:\/\/selmecziistvan.ininet.hu\/wp-content\/uploads\/2015\/08\/Image-59-1024x757.jpg 1024w, http:\/\/selmecziistvan.ininet.hu\/wp-content\/uploads\/2015\/08\/Image-59.jpg 1281w\" sizes=\"(max-width: 300px) 100vw, 300px\" \/><\/a><p id=\"caption-attachment-531\" class=\"wp-caption-text\">&#8220;T\u0171zkereszt&#8221; igazolv\u00e1ny<\/p><\/div>\n<div id=\"attachment_534\" style=\"width: 310px\" class=\"wp-caption aligncenter\"><a href=\"http:\/\/selmecziistvan.ininet.hu\/wp-content\/uploads\/2015\/08\/mikulicsin-44.08.26.jpg\"><img aria-describedby=\"caption-attachment-534\" loading=\"lazy\" class=\"size-medium wp-image-534 \" alt=\"mikulicsin 44.08.26\" src=\"http:\/\/selmecziistvan.ininet.hu\/wp-content\/uploads\/2015\/08\/mikulicsin-44.08.26-300x189.jpg\" width=\"300\" height=\"189\" srcset=\"http:\/\/selmecziistvan.ininet.hu\/wp-content\/uploads\/2015\/08\/mikulicsin-44.08.26-300x189.jpg 300w, http:\/\/selmecziistvan.ininet.hu\/wp-content\/uploads\/2015\/08\/mikulicsin-44.08.26.jpg 662w\" sizes=\"(max-width: 300px) 100vw, 300px\" \/><\/a><p id=\"caption-attachment-534\" class=\"wp-caption-text\">Mikulicsin, 1944. augusztus 26.<\/p><\/div>\n<div id=\"attachment_533\" style=\"width: 310px\" class=\"wp-caption aligncenter\"><a href=\"http:\/\/selmecziistvan.ininet.hu\/wp-content\/uploads\/2015\/08\/lista-1.jpg\"><img aria-describedby=\"caption-attachment-533\" loading=\"lazy\" class=\"size-medium wp-image-533 \" alt=\"lista 1\" src=\"http:\/\/selmecziistvan.ininet.hu\/wp-content\/uploads\/2015\/08\/lista-1-300x198.jpg\" width=\"300\" height=\"198\" srcset=\"http:\/\/selmecziistvan.ininet.hu\/wp-content\/uploads\/2015\/08\/lista-1-300x198.jpg 300w, http:\/\/selmecziistvan.ininet.hu\/wp-content\/uploads\/2015\/08\/lista-1-1024x677.jpg 1024w\" sizes=\"(max-width: 300px) 100vw, 300px\" \/><\/a><p id=\"caption-attachment-533\" class=\"wp-caption-text\">Eltemetett hadifoglyok list\u00e1ja<\/p><\/div>\n<p>&nbsp;<\/p>\n<p>&nbsp;<\/p>\n<p>&nbsp;<\/p>\n<p>&nbsp;<\/p>\n","protected":false},"excerpt":{"rendered":"<p>&nbsp; &nbsp; &nbsp; &nbsp;<\/p>\n","protected":false},"author":1,"featured_media":0,"parent":509,"menu_order":3,"comment_status":"open","ping_status":"open","template":"","meta":[],"_links":{"self":[{"href":"http:\/\/selmecziistvan.ininet.hu\/index.php?rest_route=\/wp\/v2\/pages\/525"}],"collection":[{"href":"http:\/\/selmecziistvan.ininet.hu\/index.php?rest_route=\/wp\/v2\/pages"}],"about":[{"href":"http:\/\/selmecziistvan.ininet.hu\/index.php?rest_route=\/wp\/v2\/types\/page"}],"author":[{"embeddable":true,"href":"http:\/\/selmecziistvan.ininet.hu\/index.php?rest_route=\/wp\/v2\/users\/1"}],"replies":[{"embeddable":true,"href":"http:\/\/selmecziistvan.ininet.hu\/index.php?rest_route=%2Fwp%2Fv2%2Fcomments&post=525"}],"version-history":[{"count":4,"href":"http:\/\/selmecziistvan.ininet.hu\/index.php?rest_route=\/wp\/v2\/pages\/525\/revisions"}],"predecessor-version":[{"id":537,"href":"http:\/\/selmecziistvan.ininet.hu\/index.php?rest_route=\/wp\/v2\/pages\/525\/revisions\/537"}],"up":[{"embeddable":true,"href":"http:\/\/selmecziistvan.ininet.hu\/index.php?rest_route=\/wp\/v2\/pages\/509"}],"wp:attachment":[{"href":"http:\/\/selmecziistvan.ininet.hu\/index.php?rest_route=%2Fwp%2Fv2%2Fmedia&parent=525"}],"curies":[{"name":"wp","href":"https:\/\/api.w.org\/{rel}","templated":true}]}}