{"id":1890,"date":"2020-06-22T10:52:19","date_gmt":"2020-06-22T10:52:19","guid":{"rendered":"http:\/\/selmecziistvan.ininet.hu\/?page_id=1890"},"modified":"2020-06-22T10:52:38","modified_gmt":"2020-06-22T10:52:38","slug":"1938-2","status":"publish","type":"page","link":"http:\/\/selmecziistvan.ininet.hu\/?page_id=1890","title":{"rendered":"1938."},"content":{"rendered":"\n<div class=\"wp-block-file\"><a href=\"http:\/\/selmecziistvan.ininet.hu\/wp-content\/uploads\/2020\/06\/Dadon-l\u00e9lekemel\u0151-gy\u00fclekezeti-napot-tartottak....pdf\">Dadon-l\u00e9lekemel\u0151-gy\u00fclekezeti-napot-tartottak&#8230;<\/a><a href=\"http:\/\/selmecziistvan.ininet.hu\/wp-content\/uploads\/2020\/06\/Dadon-l\u00e9lekemel\u0151-gy\u00fclekezeti-napot-tartottak....pdf\" class=\"wp-block-file__button\" download>Let\u00f6lt\u00e9s<\/a><\/div>\n","protected":false},"excerpt":{"rendered":"","protected":false},"author":1,"featured_media":0,"parent":1809,"menu_order":12,"comment_status":"closed","ping_status":"closed","template":"","meta":[],"_links":{"self":[{"href":"http:\/\/selmecziistvan.ininet.hu\/index.php?rest_route=\/wp\/v2\/pages\/1890"}],"collection":[{"href":"http:\/\/selmecziistvan.ininet.hu\/index.php?rest_route=\/wp\/v2\/pages"}],"about":[{"href":"http:\/\/selmecziistvan.ininet.hu\/index.php?rest_route=\/wp\/v2\/types\/page"}],"author":[{"embeddable":true,"href":"http:\/\/selmecziistvan.ininet.hu\/index.php?rest_route=\/wp\/v2\/users\/1"}],"replies":[{"embeddable":true,"href":"http:\/\/selmecziistvan.ininet.hu\/index.php?rest_route=%2Fwp%2Fv2%2Fcomments&post=1890"}],"version-history":[{"count":1,"href":"http:\/\/selmecziistvan.ininet.hu\/index.php?rest_route=\/wp\/v2\/pages\/1890\/revisions"}],"predecessor-version":[{"id":1893,"href":"http:\/\/selmecziistvan.ininet.hu\/index.php?rest_route=\/wp\/v2\/pages\/1890\/revisions\/1893"}],"up":[{"embeddable":true,"href":"http:\/\/selmecziistvan.ininet.hu\/index.php?rest_route=\/wp\/v2\/pages\/1809"}],"wp:attachment":[{"href":"http:\/\/selmecziistvan.ininet.hu\/index.php?rest_route=%2Fwp%2Fv2%2Fmedia&parent=1890"}],"curies":[{"name":"wp","href":"https:\/\/api.w.org\/{rel}","templated":true}]}}