{"id":1882,"date":"2020-06-22T10:50:10","date_gmt":"2020-06-22T10:50:10","guid":{"rendered":"http:\/\/selmecziistvan.ininet.hu\/?page_id=1882"},"modified":"2020-06-22T10:50:44","modified_gmt":"2020-06-22T10:50:44","slug":"1934-2","status":"publish","type":"page","link":"http:\/\/selmecziistvan.ininet.hu\/?page_id=1882","title":{"rendered":"1934."},"content":{"rendered":"\n<div class=\"wp-block-file\"><a href=\"http:\/\/selmecziistvan.ininet.hu\/wp-content\/uploads\/2020\/06\/1.-A-dadi-reform\u00e1tus-le\u00e1nyok-M\u00e1rta-k\u00f6re.pdf\">1.-A-dadi-reform\u00e1tus-le\u00e1nyok-M\u00e1rta-k\u00f6re<\/a><a href=\"http:\/\/selmecziistvan.ininet.hu\/wp-content\/uploads\/2020\/06\/1.-A-dadi-reform\u00e1tus-le\u00e1nyok-M\u00e1rta-k\u00f6re.pdf\" class=\"wp-block-file__button\" download>Let\u00f6lt\u00e9s<\/a><\/div>\n","protected":false},"excerpt":{"rendered":"","protected":false},"author":1,"featured_media":0,"parent":1809,"menu_order":10,"comment_status":"closed","ping_status":"closed","template":"","meta":[],"_links":{"self":[{"href":"http:\/\/selmecziistvan.ininet.hu\/index.php?rest_route=\/wp\/v2\/pages\/1882"}],"collection":[{"href":"http:\/\/selmecziistvan.ininet.hu\/index.php?rest_route=\/wp\/v2\/pages"}],"about":[{"href":"http:\/\/selmecziistvan.ininet.hu\/index.php?rest_route=\/wp\/v2\/types\/page"}],"author":[{"embeddable":true,"href":"http:\/\/selmecziistvan.ininet.hu\/index.php?rest_route=\/wp\/v2\/users\/1"}],"replies":[{"embeddable":true,"href":"http:\/\/selmecziistvan.ininet.hu\/index.php?rest_route=%2Fwp%2Fv2%2Fcomments&post=1882"}],"version-history":[{"count":1,"href":"http:\/\/selmecziistvan.ininet.hu\/index.php?rest_route=\/wp\/v2\/pages\/1882\/revisions"}],"predecessor-version":[{"id":1885,"href":"http:\/\/selmecziistvan.ininet.hu\/index.php?rest_route=\/wp\/v2\/pages\/1882\/revisions\/1885"}],"up":[{"embeddable":true,"href":"http:\/\/selmecziistvan.ininet.hu\/index.php?rest_route=\/wp\/v2\/pages\/1809"}],"wp:attachment":[{"href":"http:\/\/selmecziistvan.ininet.hu\/index.php?rest_route=%2Fwp%2Fv2%2Fmedia&parent=1882"}],"curies":[{"name":"wp","href":"https:\/\/api.w.org\/{rel}","templated":true}]}}