{"id":1874,"date":"2020-06-22T10:47:52","date_gmt":"2020-06-22T10:47:52","guid":{"rendered":"http:\/\/selmecziistvan.ininet.hu\/?page_id=1874"},"modified":"2020-06-22T10:48:20","modified_gmt":"2020-06-22T10:48:20","slug":"1929-2","status":"publish","type":"page","link":"http:\/\/selmecziistvan.ininet.hu\/?page_id=1874","title":{"rendered":"1929."},"content":{"rendered":"\n<div class=\"wp-block-file\"><a href=\"http:\/\/selmecziistvan.ininet.hu\/wp-content\/uploads\/2020\/06\/1.-P\u00fcsp\u00f6ki-egyh\u00e1zl\u00e1togat\u00e1s-a-tatai-egyh\u00e1zmegy\u00e9ben.pdf\">1.-P\u00fcsp\u00f6ki-egyh\u00e1zl\u00e1togat\u00e1s-a-tatai-egyh\u00e1zmegy\u00e9ben<\/a><a href=\"http:\/\/selmecziistvan.ininet.hu\/wp-content\/uploads\/2020\/06\/1.-P\u00fcsp\u00f6ki-egyh\u00e1zl\u00e1togat\u00e1s-a-tatai-egyh\u00e1zmegy\u00e9ben.pdf\" class=\"wp-block-file__button\" download>Let\u00f6lt\u00e9s<\/a><\/div>\n","protected":false},"excerpt":{"rendered":"","protected":false},"author":1,"featured_media":0,"parent":1809,"menu_order":8,"comment_status":"closed","ping_status":"closed","template":"","meta":[],"_links":{"self":[{"href":"http:\/\/selmecziistvan.ininet.hu\/index.php?rest_route=\/wp\/v2\/pages\/1874"}],"collection":[{"href":"http:\/\/selmecziistvan.ininet.hu\/index.php?rest_route=\/wp\/v2\/pages"}],"about":[{"href":"http:\/\/selmecziistvan.ininet.hu\/index.php?rest_route=\/wp\/v2\/types\/page"}],"author":[{"embeddable":true,"href":"http:\/\/selmecziistvan.ininet.hu\/index.php?rest_route=\/wp\/v2\/users\/1"}],"replies":[{"embeddable":true,"href":"http:\/\/selmecziistvan.ininet.hu\/index.php?rest_route=%2Fwp%2Fv2%2Fcomments&post=1874"}],"version-history":[{"count":1,"href":"http:\/\/selmecziistvan.ininet.hu\/index.php?rest_route=\/wp\/v2\/pages\/1874\/revisions"}],"predecessor-version":[{"id":1877,"href":"http:\/\/selmecziistvan.ininet.hu\/index.php?rest_route=\/wp\/v2\/pages\/1874\/revisions\/1877"}],"up":[{"embeddable":true,"href":"http:\/\/selmecziistvan.ininet.hu\/index.php?rest_route=\/wp\/v2\/pages\/1809"}],"wp:attachment":[{"href":"http:\/\/selmecziistvan.ininet.hu\/index.php?rest_route=%2Fwp%2Fv2%2Fmedia&parent=1874"}],"curies":[{"name":"wp","href":"https:\/\/api.w.org\/{rel}","templated":true}]}}