{"id":1866,"date":"2020-06-22T10:44:43","date_gmt":"2020-06-22T10:44:43","guid":{"rendered":"http:\/\/selmecziistvan.ininet.hu\/?page_id=1866"},"modified":"2020-06-22T10:45:06","modified_gmt":"2020-06-22T10:45:06","slug":"1926-2","status":"publish","type":"page","link":"http:\/\/selmecziistvan.ininet.hu\/?page_id=1866","title":{"rendered":"1926."},"content":{"rendered":"\n<div class=\"wp-block-file\"><a href=\"http:\/\/selmecziistvan.ininet.hu\/wp-content\/uploads\/2020\/06\/1.-A-dadi-egyh\u00e1z-\u00e9p\u00fcl\u00e9s\u00e9r\u0151l.pdf\">1.-A-dadi-egyh\u00e1z-\u00e9p\u00fcl\u00e9s\u00e9r\u0151l<\/a><a href=\"http:\/\/selmecziistvan.ininet.hu\/wp-content\/uploads\/2020\/06\/1.-A-dadi-egyh\u00e1z-\u00e9p\u00fcl\u00e9s\u00e9r\u0151l.pdf\" class=\"wp-block-file__button\" download>Let\u00f6lt\u00e9s<\/a><\/div>\n","protected":false},"excerpt":{"rendered":"","protected":false},"author":1,"featured_media":0,"parent":1809,"menu_order":6,"comment_status":"closed","ping_status":"closed","template":"","meta":[],"_links":{"self":[{"href":"http:\/\/selmecziistvan.ininet.hu\/index.php?rest_route=\/wp\/v2\/pages\/1866"}],"collection":[{"href":"http:\/\/selmecziistvan.ininet.hu\/index.php?rest_route=\/wp\/v2\/pages"}],"about":[{"href":"http:\/\/selmecziistvan.ininet.hu\/index.php?rest_route=\/wp\/v2\/types\/page"}],"author":[{"embeddable":true,"href":"http:\/\/selmecziistvan.ininet.hu\/index.php?rest_route=\/wp\/v2\/users\/1"}],"replies":[{"embeddable":true,"href":"http:\/\/selmecziistvan.ininet.hu\/index.php?rest_route=%2Fwp%2Fv2%2Fcomments&post=1866"}],"version-history":[{"count":1,"href":"http:\/\/selmecziistvan.ininet.hu\/index.php?rest_route=\/wp\/v2\/pages\/1866\/revisions"}],"predecessor-version":[{"id":1869,"href":"http:\/\/selmecziistvan.ininet.hu\/index.php?rest_route=\/wp\/v2\/pages\/1866\/revisions\/1869"}],"up":[{"embeddable":true,"href":"http:\/\/selmecziistvan.ininet.hu\/index.php?rest_route=\/wp\/v2\/pages\/1809"}],"wp:attachment":[{"href":"http:\/\/selmecziistvan.ininet.hu\/index.php?rest_route=%2Fwp%2Fv2%2Fmedia&parent=1866"}],"curies":[{"name":"wp","href":"https:\/\/api.w.org\/{rel}","templated":true}]}}