{"id":1811,"date":"2020-06-22T06:42:11","date_gmt":"2020-06-22T06:42:11","guid":{"rendered":"http:\/\/selmecziistvan.ininet.hu\/?page_id=1811"},"modified":"2020-06-22T09:17:15","modified_gmt":"2020-06-22T09:17:15","slug":"1893-2","status":"publish","type":"page","link":"http:\/\/selmecziistvan.ininet.hu\/?page_id=1811","title":{"rendered":"1893."},"content":{"rendered":"\n<div class=\"wp-block-file\"><a href=\"http:\/\/selmecziistvan.ininet.hu\/wp-content\/uploads\/2020\/06\/1.-Lev\u00e9l-a-szerkeszt\u0151h\u00f6z.pdf\">1. Lev\u00e9l a szerkeszt\u0151h\u00f6z<\/a><a href=\"http:\/\/selmecziistvan.ininet.hu\/wp-content\/uploads\/2020\/06\/1.-Lev\u00e9l-a-szerkeszt\u0151h\u00f6z.pdf\" class=\"wp-block-file__button\" download>Let\u00f6lt\u00e9s<\/a><\/div>\n\n\n\n<div class=\"wp-block-file\"><a href=\"http:\/\/selmecziistvan.ininet.hu\/wp-content\/uploads\/2020\/06\/2.-Templomszentel\u00e9si-\u00f6r\u00f6m\u00fcnnep-Dadon.pdf\">2. Templomszentel\u00e9si \u00f6r\u00f6m\u00fcnnep Dadon<\/a><a href=\"http:\/\/selmecziistvan.ininet.hu\/wp-content\/uploads\/2020\/06\/2.-Templomszentel\u00e9si-\u00f6r\u00f6m\u00fcnnep-Dadon.pdf\" class=\"wp-block-file__button\" download>Let\u00f6lt\u00e9s<\/a><\/div>\n\n\n\n<div class=\"wp-block-file\"><a href=\"http:\/\/selmecziistvan.ininet.hu\/wp-content\/uploads\/2020\/06\/3.-Orgonaszentel\u00e9si-\u00f6r\u00f6m\u00fcnnep-Dadon.pdf\">3. Orgonaszentel\u00e9si \u00f6r\u00f6m\u00fcnnep Dadon<\/a><a href=\"http:\/\/selmecziistvan.ininet.hu\/wp-content\/uploads\/2020\/06\/3.-Orgonaszentel\u00e9si-\u00f6r\u00f6m\u00fcnnep-Dadon.pdf\" class=\"wp-block-file__button\" download>Let\u00f6lt\u00e9s<\/a><\/div>\n","protected":false},"excerpt":{"rendered":"","protected":false},"author":1,"featured_media":0,"parent":1809,"menu_order":0,"comment_status":"closed","ping_status":"closed","template":"","meta":[],"_links":{"self":[{"href":"http:\/\/selmecziistvan.ininet.hu\/index.php?rest_route=\/wp\/v2\/pages\/1811"}],"collection":[{"href":"http:\/\/selmecziistvan.ininet.hu\/index.php?rest_route=\/wp\/v2\/pages"}],"about":[{"href":"http:\/\/selmecziistvan.ininet.hu\/index.php?rest_route=\/wp\/v2\/types\/page"}],"author":[{"embeddable":true,"href":"http:\/\/selmecziistvan.ininet.hu\/index.php?rest_route=\/wp\/v2\/users\/1"}],"replies":[{"embeddable":true,"href":"http:\/\/selmecziistvan.ininet.hu\/index.php?rest_route=%2Fwp%2Fv2%2Fcomments&post=1811"}],"version-history":[{"count":7,"href":"http:\/\/selmecziistvan.ininet.hu\/index.php?rest_route=\/wp\/v2\/pages\/1811\/revisions"}],"predecessor-version":[{"id":1837,"href":"http:\/\/selmecziistvan.ininet.hu\/index.php?rest_route=\/wp\/v2\/pages\/1811\/revisions\/1837"}],"up":[{"embeddable":true,"href":"http:\/\/selmecziistvan.ininet.hu\/index.php?rest_route=\/wp\/v2\/pages\/1809"}],"wp:attachment":[{"href":"http:\/\/selmecziistvan.ininet.hu\/index.php?rest_route=%2Fwp%2Fv2%2Fmedia&parent=1811"}],"curies":[{"name":"wp","href":"https:\/\/api.w.org\/{rel}","templated":true}]}}