{"id":1724,"date":"2017-09-14T08:54:23","date_gmt":"2017-09-14T08:54:23","guid":{"rendered":"http:\/\/selmecziistvan.ininet.hu\/?page_id=1724"},"modified":"2017-09-14T08:54:23","modified_gmt":"2017-09-14T08:54:23","slug":"1986-2","status":"publish","type":"page","link":"http:\/\/selmecziistvan.ininet.hu\/?page_id=1724","title":{"rendered":"1986."},"content":{"rendered":"<p style=\"text-align: center;\"><a href=\"http:\/\/selmecziistvan.ininet.hu\/wp-content\/uploads\/2017\/09\/86.01.14.-Napk\u00f6zben-a-napk\u00f6ziben....pdf\">86.01.14. Napk\u00f6zben a ,napk\u00f6ziben&#8217;&#8230;<\/a><\/p>\n<p style=\"text-align: center;\"><a href=\"http:\/\/selmecziistvan.ininet.hu\/wp-content\/uploads\/2017\/09\/86.01.18.-\u00d6sszevonni-a-kult\u00fara-sz\u00e9tt\u00e9pett-szeletk\u00e9it.pdf\">86.01.18. \u00d6sszevonni a kult\u00fara sz\u00e9tt\u00e9pett szeletk\u00e9it<\/a><\/p>\n<p style=\"text-align: center;\"><a href=\"http:\/\/selmecziistvan.ininet.hu\/wp-content\/uploads\/2017\/09\/86.01.23.-Mih\u00e1ly-b\u00e1csi-megal\u00e1ztat\u00e1sa.pdf\">86.01.23. Mih\u00e1ly b\u00e1csi megal\u00e1ztat\u00e1sa<\/a><\/p>\n<p style=\"text-align: center;\"><a href=\"http:\/\/selmecziistvan.ininet.hu\/wp-content\/uploads\/2017\/09\/86.02.06.-Szom\u00f3dnak-egy-arca-van.pdf\">86.02.06. Szom\u00f3dnak egy arca van<\/a><\/p>\n<p style=\"text-align: center;\"><a href=\"http:\/\/selmecziistvan.ininet.hu\/wp-content\/uploads\/2017\/09\/86.05.08.-K\u00e9sz\u00fcl\u0151d\u00e9s-az-anyas\u00e1gra.pdf\">86.05.08. K\u00e9sz\u00fcl\u0151d\u00e9s az anyas\u00e1gra<\/a><\/p>\n","protected":false},"excerpt":{"rendered":"<p>86.01.14. Napk\u00f6zben a ,napk\u00f6ziben&#8217;&#8230; 86.01.18. \u00d6sszevonni a kult\u00fara sz\u00e9tt\u00e9pett szeletk\u00e9it 86.01.23. Mih\u00e1ly b\u00e1csi megal\u00e1ztat\u00e1sa 86.02.06. Szom\u00f3dnak egy arca van 86.05.08. K\u00e9sz\u00fcl\u0151d\u00e9s az anyas\u00e1gra<\/p>\n","protected":false},"author":1,"featured_media":0,"parent":686,"menu_order":32,"comment_status":"open","ping_status":"open","template":"","meta":[],"_links":{"self":[{"href":"http:\/\/selmecziistvan.ininet.hu\/index.php?rest_route=\/wp\/v2\/pages\/1724"}],"collection":[{"href":"http:\/\/selmecziistvan.ininet.hu\/index.php?rest_route=\/wp\/v2\/pages"}],"about":[{"href":"http:\/\/selmecziistvan.ininet.hu\/index.php?rest_route=\/wp\/v2\/types\/page"}],"author":[{"embeddable":true,"href":"http:\/\/selmecziistvan.ininet.hu\/index.php?rest_route=\/wp\/v2\/users\/1"}],"replies":[{"embeddable":true,"href":"http:\/\/selmecziistvan.ininet.hu\/index.php?rest_route=%2Fwp%2Fv2%2Fcomments&post=1724"}],"version-history":[{"count":1,"href":"http:\/\/selmecziistvan.ininet.hu\/index.php?rest_route=\/wp\/v2\/pages\/1724\/revisions"}],"predecessor-version":[{"id":1730,"href":"http:\/\/selmecziistvan.ininet.hu\/index.php?rest_route=\/wp\/v2\/pages\/1724\/revisions\/1730"}],"up":[{"embeddable":true,"href":"http:\/\/selmecziistvan.ininet.hu\/index.php?rest_route=\/wp\/v2\/pages\/686"}],"wp:attachment":[{"href":"http:\/\/selmecziistvan.ininet.hu\/index.php?rest_route=%2Fwp%2Fv2%2Fmedia&parent=1724"}],"curies":[{"name":"wp","href":"https:\/\/api.w.org\/{rel}","templated":true}]}}