{"id":1690,"date":"2017-09-14T08:46:30","date_gmt":"2017-09-14T08:46:30","guid":{"rendered":"http:\/\/selmecziistvan.ininet.hu\/?page_id=1690"},"modified":"2017-09-14T08:46:30","modified_gmt":"2017-09-14T08:46:30","slug":"1982-2","status":"publish","type":"page","link":"http:\/\/selmecziistvan.ininet.hu\/?page_id=1690","title":{"rendered":"1982."},"content":{"rendered":"<p style=\"text-align: center;\"><a href=\"http:\/\/selmecziistvan.ininet.hu\/wp-content\/uploads\/2017\/09\/81.03.17.-Szom\u00f3don-f\u00e1s\u00edtanak1.pdf\">81.03.17. Szom\u00f3don f\u00e1s\u00edtanak<\/a><\/p>\n<p style=\"text-align: center;\"><a href=\"http:\/\/selmecziistvan.ininet.hu\/wp-content\/uploads\/2017\/09\/81.04.04.-H\u00e1rom-nemzed\u00e9k-a-szabads\u00e1gr\u00f3l1.pdf\">81.04.04. H\u00e1rom nemzed\u00e9k a szabads\u00e1gr\u00f3l<\/a><\/p>\n<p style=\"text-align: center;\"><a href=\"http:\/\/selmecziistvan.ininet.hu\/wp-content\/uploads\/2017\/09\/81.04.08.-Sakkolimpia1.pdf\">81.04.08. Sakkolimpia<\/a><\/p>\n<p style=\"text-align: center;\"><a href=\"http:\/\/selmecziistvan.ininet.hu\/wp-content\/uploads\/2017\/09\/81.04.30.-Csal\u00e1di-f\u00e9nyk\u00e9p1.pdf\">81.04.30. Csal\u00e1di f\u00e9nyk\u00e9p<\/a><\/p>\n<p style=\"text-align: center;\"><a href=\"http:\/\/selmecziistvan.ininet.hu\/wp-content\/uploads\/2017\/09\/81.06.09.-A-k\u0151m\u0171ves1.pdf\">81.06.09. A k\u0151m\u0171ves<\/a><\/p>\n<p style=\"text-align: center;\"><a href=\"http:\/\/selmecziistvan.ininet.hu\/wp-content\/uploads\/2017\/09\/81.07.15.-S\u00falyl\u00f6k\u00e9sben-apa-\u00e9s-l\u00e1nya2.pdf\">81.07.15. S\u00falyl\u00f6k\u00e9sben apa \u00e9s l\u00e1nya<\/a><\/p>\n<p style=\"text-align: center;\"><a href=\"http:\/\/selmecziistvan.ininet.hu\/wp-content\/uploads\/2017\/09\/81.07.23.-A-szom\u00f3di-nevel\u0151iskola1.pdf\">81.07.23. A szom\u00f3di nevel\u0151iskola<\/a><\/p>\n<p style=\"text-align: center;\"><a href=\"http:\/\/selmecziistvan.ininet.hu\/wp-content\/uploads\/2017\/09\/81.10.07.-A-szom\u00f3di-p\u00e9lda1.pdf\">81.10.07. A szom\u00f3di p\u00e9lda<\/a><\/p>\n<p style=\"text-align: center;\"><a href=\"http:\/\/selmecziistvan.ininet.hu\/wp-content\/uploads\/2017\/09\/81.11.11.-Szom\u00f3di-h\u00edrek1.pdf\">81.11.11. Szom\u00f3di h\u00edrek<\/a><\/p>\n<p style=\"text-align: center;\"><a href=\"http:\/\/selmecziistvan.ininet.hu\/wp-content\/uploads\/2017\/09\/81.12.12.-Szerencs\u00e9s-tal\u00e1lkoz\u00e1sok1.pdf\">81.12.12. Szerencs\u00e9s tal\u00e1lkoz\u00e1sok<\/a><\/p>\n","protected":false},"excerpt":{"rendered":"<p>81.03.17. Szom\u00f3don f\u00e1s\u00edtanak 81.04.04. H\u00e1rom nemzed\u00e9k a szabads\u00e1gr\u00f3l 81.04.08. Sakkolimpia 81.04.30. Csal\u00e1di f\u00e9nyk\u00e9p 81.06.09. A k\u0151m\u0171ves 81.07.15. S\u00falyl\u00f6k\u00e9sben apa \u00e9s l\u00e1nya 81.07.23. A szom\u00f3di nevel\u0151iskola 81.10.07. A szom\u00f3di p\u00e9lda 81.11.11. Szom\u00f3di h\u00edrek 81.12.12. Szerencs\u00e9s tal\u00e1lkoz\u00e1sok<\/p>\n","protected":false},"author":1,"featured_media":0,"parent":686,"menu_order":28,"comment_status":"open","ping_status":"open","template":"","meta":[],"_links":{"self":[{"href":"http:\/\/selmecziistvan.ininet.hu\/index.php?rest_route=\/wp\/v2\/pages\/1690"}],"collection":[{"href":"http:\/\/selmecziistvan.ininet.hu\/index.php?rest_route=\/wp\/v2\/pages"}],"about":[{"href":"http:\/\/selmecziistvan.ininet.hu\/index.php?rest_route=\/wp\/v2\/types\/page"}],"author":[{"embeddable":true,"href":"http:\/\/selmecziistvan.ininet.hu\/index.php?rest_route=\/wp\/v2\/users\/1"}],"replies":[{"embeddable":true,"href":"http:\/\/selmecziistvan.ininet.hu\/index.php?rest_route=%2Fwp%2Fv2%2Fcomments&post=1690"}],"version-history":[{"count":1,"href":"http:\/\/selmecziistvan.ininet.hu\/index.php?rest_route=\/wp\/v2\/pages\/1690\/revisions"}],"predecessor-version":[{"id":1701,"href":"http:\/\/selmecziistvan.ininet.hu\/index.php?rest_route=\/wp\/v2\/pages\/1690\/revisions\/1701"}],"up":[{"embeddable":true,"href":"http:\/\/selmecziistvan.ininet.hu\/index.php?rest_route=\/wp\/v2\/pages\/686"}],"wp:attachment":[{"href":"http:\/\/selmecziistvan.ininet.hu\/index.php?rest_route=%2Fwp%2Fv2%2Fmedia&parent=1690"}],"curies":[{"name":"wp","href":"https:\/\/api.w.org\/{rel}","templated":true}]}}