{"id":166,"date":"2013-09-02T16:19:00","date_gmt":"2013-09-02T16:19:00","guid":{"rendered":"http:\/\/selmecziistvan.ininet.hu\/?page_id=166"},"modified":"2013-09-02T16:28:29","modified_gmt":"2013-09-02T16:28:29","slug":"felhasznalt-irodalom-felhasznalt-forrasok","status":"publish","type":"page","link":"http:\/\/selmecziistvan.ininet.hu\/?page_id=166","title":{"rendered":"Felhaszn\u00e1lt irodalom, felhaszn\u00e1lt forr\u00e1sok"},"content":{"rendered":"<ul>\n<li><em><strong>B\u00e1nhidy Gyula visszaeml\u00e9kez\u00e9sei<\/strong><\/em><\/li>\n<li><em><strong>Cs\u00e1nki G\u00e1bor: Amir\u0151l unok\u00e1inknak is hallani kellene (Cs\u00e1nki G\u00e1bor volt hadifogoly t\u00e1bori lelk\u00e9sz dokumentumok alapj\u00e1n k\u00e9sz\u00fclt eml\u00e9kez\u00e9sei.) A Tisz\u00e1nt\u00fali Reform\u00e1tus Egyh\u00e1zker\u00fcleti \u00e9s Koll\u00e9giumi Lev\u00e9lt\u00e1r\u00e1nak gy\u0171jtem\u00e9nye.<\/strong><\/em><\/li>\n<li><em><strong>Cs\u00e1nki G\u00e1bor: Hogy is volt csak?&#8230; (Cs\u00e1nki G\u00e1bor volt prot. t\u00e1b. lelk\u00e9sz dokumentumok \/napl\u00f3-f\u00e9nyk\u00e9pek\/ alapj\u00e1n k\u00e9sz\u00fclt eml\u00e9kez\u00e9sei a II. vil\u00e1gh\u00e1bor\u00faban val\u00f3 r\u00e9szv\u00e9tel\u00e9r\u0151l.) B. Stenge Csaba gy\u0171jtem\u00e9nye.<\/strong><\/em><\/li>\n<li><em><strong>D. B\u00e1r\u00e1ny K\u00e1roly z\u00e1szl\u00f3s: \u00c9jszakai harc a brjanszki erd\u0151ben (haditud\u00f3s\u00edt\u00e1s)<\/strong><\/em><\/li>\n<li><em><strong>Dun\u00e1nt\u00fali Protest\u00e1ns Lap. P\u00e1pa, 1942. j\u00fanius 13. P\u00e1pai Reform\u00e1tus Gy\u0171jtem\u00e9nyek\u00a0<\/strong><\/em><\/li>\n<li><em><strong>Fekete J\u00f3zsef: \u00c9letem feh\u00e9ren-feket\u00e9n: Ifj\u00fas\u00e1gom, katonas\u00e1gom \u00e9s hadifogs\u00e1gom t\u00f6rt\u00e9nete a kaposv\u00e1ri Baross laktany\u00e1t\u00f3l az oranki hadifogoly l\u00e1gerig, 1939-1947. Mag\u00e1nkiad\u00e1s, Veszpr\u00e9m, 2001.<\/strong><\/em><\/li>\n<li><em><strong>Hadt\u00f6rt\u00e9neti Int\u00e9zet \u00e9s M\u00fazeum K\u00f6zponti Iratt\u00e1r \u00e9s Hadis\u00edrgondoz\u00f3 Iroda II. vil\u00e1gh\u00e1bor\u00fas nyilv\u00e1ntart\u00e1sai\u00a0<\/strong><\/em><\/li>\n<li><em><strong>HM T\u00e1rsadalmi Kapcsolatok \u00e9s H\u00e1bor\u00fas Kegyeleti F\u0151oszt\u00e1ly honlapja\u00a0<\/strong><\/em><\/li>\n<li><em><strong>Lantai Vince z\u00e1szl\u00f3s napl\u00f3ja, okiratai, levelez\u00e9se<\/strong><\/em><\/li>\n<li><em><strong>M. kir. \u201eNagy Lajos kir\u00e1ly\u201d 6. honv\u00e9d gyalogezred honlapja\u00a0<\/strong><\/em><\/li>\n<li><em><strong>Magyarorsz\u00e1g a m\u00e1sodik vil\u00e1gh\u00e1bor\u00faban (Szerkesztette: Romsics Ign\u00e1c); Ungv\u00e1ry Kriszti\u00e1n: A K\u00e1rp\u00e1t-csoport \u00e9s a megsz\u00e1ll\u00f3 er\u0151k harcai. Hadt\u00f6rt\u00e9neti Int\u00e9zet \u00e9s M\u00fazeum, Kossuth Kiad\u00f3 Zrt., 2011<\/strong><\/em><\/li>\n<li><em><strong>Matolcsy Guszt\u00e1v ny. \u0151rnagy visszaeml\u00e9kez\u00e9sei<\/strong><\/em><\/li>\n<li><em><strong>ifj. Matolcsy Guszt\u00e1v\u2020: A legid\u0151sebb \u00e9l\u0151 Matolcsy 90 \u00e9ves\u00a0 c\u00edm\u0171 el\u0151ad\u00e1s\u00e1nak sz\u00f6vege\u00a0 alapj\u00e1n<\/strong><\/em><\/li>\n<li><em><strong>Megyei \u00e9s V\u00e1rosi K\u00f6nyvt\u00e1r Kaposv\u00e1r: Somogyi Elektronikus K\u00f6nyvt\u00e1r \u2013 \u00a0Somogy Megye k\u00e9peslapjai<\/strong><\/em><\/li>\n<li><em><strong>P\u00e1pai Reform\u00e1tus Koll\u00e9gium Gimn\u00e1ziuma \u00e9s M\u0171v\u00e9szeti Szakk\u00f6z\u00e9piskol\u00e1ja<\/strong><\/em><\/li>\n<li><em><strong>Szab\u00f3 P\u00e9ter \u2013 Sz\u00e1mv\u00e9ber Norbert: A keleti hadsz\u00ednt\u00e9r \u00e9s Magyarorsz\u00e1g 1941-1943. Puedlo Kiad\u00f3, Nagykov\u00e1csi, 2002.\u00a0<\/strong><\/em><\/li>\n<li><em><strong>Szab\u00f3 P\u00e9ter: Adal\u00e9kok a magyar kir\u00e1lyi honv\u00e9ds\u00e9g megsz\u00e1ll\u00f3 alakulatainak tev\u00e9kenys\u00e9g\u00e9r\u0151l a keleti hadm\u0171veleti ter\u00fcleteken (Rejmentarovka, 1941. december 21.) Hadt\u00f6rt\u00e9neti Int\u00e9zet \u00e9s M\u00fazeum \u2013 Hadt\u00f6rt\u00e9nelmi k\u00f6zlem\u00e9nyek 124. \u00e9vf. 2. sz. \/ 2011.<\/strong><\/em><\/li>\n<\/ul>\n","protected":false},"excerpt":{"rendered":"<p>B\u00e1nhidy Gyula visszaeml\u00e9kez\u00e9sei Cs\u00e1nki G\u00e1bor: Amir\u0151l unok\u00e1inknak is hallani kellene (Cs\u00e1nki G\u00e1bor volt hadifogoly t\u00e1bori lelk\u00e9sz dokumentumok alapj\u00e1n k\u00e9sz\u00fclt eml\u00e9kez\u00e9sei.) A Tisz\u00e1nt\u00fali Reform\u00e1tus Egyh\u00e1zker\u00fcleti \u00e9s Koll\u00e9giumi Lev\u00e9lt\u00e1r\u00e1nak gy\u0171jtem\u00e9nye. Cs\u00e1nki G\u00e1bor: Hogy is volt csak?&#8230; (Cs\u00e1nki G\u00e1bor volt prot. t\u00e1b. lelk\u00e9sz &hellip; <a href=\"http:\/\/selmecziistvan.ininet.hu\/?page_id=166\">Egy kattint\u00e1s ide a folytat\u00e1shoz&#8230;. <span class=\"meta-nav\">&rarr;<\/span><\/a><\/p>\n","protected":false},"author":1,"featured_media":0,"parent":103,"menu_order":4,"comment_status":"open","ping_status":"open","template":"","meta":[],"_links":{"self":[{"href":"http:\/\/selmecziistvan.ininet.hu\/index.php?rest_route=\/wp\/v2\/pages\/166"}],"collection":[{"href":"http:\/\/selmecziistvan.ininet.hu\/index.php?rest_route=\/wp\/v2\/pages"}],"about":[{"href":"http:\/\/selmecziistvan.ininet.hu\/index.php?rest_route=\/wp\/v2\/types\/page"}],"author":[{"embeddable":true,"href":"http:\/\/selmecziistvan.ininet.hu\/index.php?rest_route=\/wp\/v2\/users\/1"}],"replies":[{"embeddable":true,"href":"http:\/\/selmecziistvan.ininet.hu\/index.php?rest_route=%2Fwp%2Fv2%2Fcomments&post=166"}],"version-history":[{"count":4,"href":"http:\/\/selmecziistvan.ininet.hu\/index.php?rest_route=\/wp\/v2\/pages\/166\/revisions"}],"predecessor-version":[{"id":170,"href":"http:\/\/selmecziistvan.ininet.hu\/index.php?rest_route=\/wp\/v2\/pages\/166\/revisions\/170"}],"up":[{"embeddable":true,"href":"http:\/\/selmecziistvan.ininet.hu\/index.php?rest_route=\/wp\/v2\/pages\/103"}],"wp:attachment":[{"href":"http:\/\/selmecziistvan.ininet.hu\/index.php?rest_route=%2Fwp%2Fv2%2Fmedia&parent=166"}],"curies":[{"name":"wp","href":"https:\/\/api.w.org\/{rel}","templated":true}]}}