{"id":1611,"date":"2017-09-14T07:54:28","date_gmt":"2017-09-14T07:54:28","guid":{"rendered":"http:\/\/selmecziistvan.ininet.hu\/?page_id=1611"},"modified":"2017-09-14T07:54:28","modified_gmt":"2017-09-14T07:54:28","slug":"1990-2","status":"publish","type":"page","link":"http:\/\/selmecziistvan.ininet.hu\/?page_id=1611","title":{"rendered":"1990."},"content":{"rendered":"<p style=\"text-align: center;\"><a href=\"http:\/\/selmecziistvan.ininet.hu\/wp-content\/uploads\/2017\/09\/90.06.08.-K\u0151be-v\u00e9sett-f\u00e1jdalom.pdf\">90.06.08. K\u0151be v\u00e9sett f\u00e1jdalom<\/a><\/p>\n<p style=\"text-align: center;\"><a href=\"http:\/\/selmecziistvan.ininet.hu\/wp-content\/uploads\/2017\/09\/90.06.09.-Hangya-dadon.pdf\">90.06.09. Hangya dadon<\/a><\/p>\n<p style=\"text-align: center;\"><a href=\"http:\/\/selmecziistvan.ininet.hu\/wp-content\/uploads\/2017\/09\/90.06.16.-Nyuszi-sapka-n\u00e9lk\u00fcl.pdf\">90.06.16. Nyuszi, sapka n\u00e9lk\u00fcl<\/a><\/p>\n<p style=\"text-align: center;\"><a href=\"http:\/\/selmecziistvan.ininet.hu\/wp-content\/uploads\/2017\/09\/90.06.28.-Az-els\u0151....pdf\">90.06.28. Az els\u0151&#8230;<\/a><\/p>\n<p style=\"text-align: center;\"><a href=\"http:\/\/selmecziistvan.ininet.hu\/wp-content\/uploads\/2017\/09\/90.07.07.-Hitoktat\u00e1sban-r\u00e9szes\u00fclt.pdf\">90.07.07. Hitoktat\u00e1sban r\u00e9szes\u00fclt<\/a><\/p>\n<p style=\"text-align: center;\"><a href=\"http:\/\/selmecziistvan.ininet.hu\/wp-content\/uploads\/2017\/09\/90.07.17.-Alom-lesz-b\u0151ven.pdf\">90.07.17. Alom lesz b\u0151ven<\/a><\/p>\n<p style=\"text-align: center;\"><a href=\"http:\/\/selmecziistvan.ininet.hu\/wp-content\/uploads\/2017\/09\/90.10.18.-A-meleg-\u00e9tel-h\u00e1zhoz-j\u00f6n.pdf\">90.10.18. A meleg \u00e9tel h\u00e1zhoz j\u00f6n<\/a><\/p>\n","protected":false},"excerpt":{"rendered":"<p>90.06.08. K\u0151be v\u00e9sett f\u00e1jdalom 90.06.09. Hangya dadon 90.06.16. Nyuszi, sapka n\u00e9lk\u00fcl 90.06.28. Az els\u0151&#8230; 90.07.07. Hitoktat\u00e1sban r\u00e9szes\u00fclt 90.07.17. Alom lesz b\u0151ven 90.10.18. A meleg \u00e9tel h\u00e1zhoz j\u00f6n<\/p>\n","protected":false},"author":1,"featured_media":0,"parent":642,"menu_order":36,"comment_status":"open","ping_status":"open","template":"","meta":[],"_links":{"self":[{"href":"http:\/\/selmecziistvan.ininet.hu\/index.php?rest_route=\/wp\/v2\/pages\/1611"}],"collection":[{"href":"http:\/\/selmecziistvan.ininet.hu\/index.php?rest_route=\/wp\/v2\/pages"}],"about":[{"href":"http:\/\/selmecziistvan.ininet.hu\/index.php?rest_route=\/wp\/v2\/types\/page"}],"author":[{"embeddable":true,"href":"http:\/\/selmecziistvan.ininet.hu\/index.php?rest_route=\/wp\/v2\/users\/1"}],"replies":[{"embeddable":true,"href":"http:\/\/selmecziistvan.ininet.hu\/index.php?rest_route=%2Fwp%2Fv2%2Fcomments&post=1611"}],"version-history":[{"count":1,"href":"http:\/\/selmecziistvan.ininet.hu\/index.php?rest_route=\/wp\/v2\/pages\/1611\/revisions"}],"predecessor-version":[{"id":1619,"href":"http:\/\/selmecziistvan.ininet.hu\/index.php?rest_route=\/wp\/v2\/pages\/1611\/revisions\/1619"}],"up":[{"embeddable":true,"href":"http:\/\/selmecziistvan.ininet.hu\/index.php?rest_route=\/wp\/v2\/pages\/642"}],"wp:attachment":[{"href":"http:\/\/selmecziistvan.ininet.hu\/index.php?rest_route=%2Fwp%2Fv2%2Fmedia&parent=1611"}],"curies":[{"name":"wp","href":"https:\/\/api.w.org\/{rel}","templated":true}]}}