{"id":1602,"date":"2017-09-14T07:51:34","date_gmt":"2017-09-14T07:51:34","guid":{"rendered":"http:\/\/selmecziistvan.ininet.hu\/?page_id=1602"},"modified":"2017-09-14T08:00:50","modified_gmt":"2017-09-14T08:00:50","slug":"1989-2","status":"publish","type":"page","link":"http:\/\/selmecziistvan.ininet.hu\/?page_id=1602","title":{"rendered":"1989."},"content":{"rendered":"<p style=\"text-align: center;\"><a href=\"http:\/\/selmecziistvan.ininet.hu\/wp-content\/uploads\/2017\/09\/89.01.03.-Kom\u00e1rom-megye-Kiv\u00e1l\u00f3-Szakk\u00f6rei.pdf\">89.01.03. Kom\u00e1rom megye Kiv\u00e1l\u00f3 Szakk\u00f6rei<\/a><\/p>\n<p style=\"text-align: center;\"><a href=\"http:\/\/selmecziistvan.ininet.hu\/wp-content\/uploads\/2017\/09\/89.03.02.-T\u00edz\u00e9vesek.pdf\">89.03.02.<\/a><a href=\"http:\/\/selmecziistvan.ininet.hu\/wp-content\/uploads\/2017\/09\/89.03.02.-T\u00edz\u00e9vesek.pdf\">T\u00edz\u00e9vesek<\/a><\/p>\n<p style=\"text-align: center;\"><a href=\"http:\/\/selmecziistvan.ininet.hu\/wp-content\/uploads\/2017\/09\/89.06.02.-Falur\u00f3l-falura.pdf\">89.06.02. Falur\u00f3l falura<\/a><\/p>\n<p style=\"text-align: center;\"><a href=\"http:\/\/selmecziistvan.ininet.hu\/wp-content\/uploads\/2017\/09\/89.06.08.-Oroszl\u00e1nyi-Aranytoll.pdf\">89.06.08. Oroszl\u00e1nyi Aranytoll<\/a><\/p>\n<p style=\"text-align: center;\"><a href=\"http:\/\/selmecziistvan.ininet.hu\/wp-content\/uploads\/2017\/09\/89.06.09.-Van-s\u00fctnival\u00f3juk.pdf\">89.06.09. Van s\u00fctnival\u00f3juk<\/a><\/p>\n<p style=\"text-align: center;\"><a href=\"http:\/\/selmecziistvan.ininet.hu\/wp-content\/uploads\/2017\/09\/89.06.12.-A-dadi-iskol\u00e1sok-sikere.pdf\">89.06.12. A dadi iskol\u00e1sok sikere<\/a><\/p>\n<p style=\"text-align: center;\"><a href=\"http:\/\/selmecziistvan.ininet.hu\/wp-content\/uploads\/2017\/09\/89.06.29.-Aj\u00e1nd\u00e9k-az-iskol\u00e1nak.pdf\">89.06.29. Aj\u00e1nd\u00e9k az iskol\u00e1nak<\/a><\/p>\n<p style=\"text-align: center;\"><a href=\"http:\/\/selmecziistvan.ininet.hu\/wp-content\/uploads\/2017\/09\/89.07.10.-A-k\u00f6zv\u00e9lem\u00e9ny-parancsnokai.pdf\">89.07.10. A k\u00f6zv\u00e9lem\u00e9ny parancsnokai<\/a><\/p>\n<p style=\"text-align: center;\"><a href=\"http:\/\/selmecziistvan.ininet.hu\/wp-content\/uploads\/2017\/09\/89.07.22.-Dadi-pillanatok.pdf\">89.07.22. Dadi pillanatok<\/a><\/p>\n","protected":false},"excerpt":{"rendered":"<p>89.01.03. Kom\u00e1rom megye Kiv\u00e1l\u00f3 Szakk\u00f6rei 89.03.02.T\u00edz\u00e9vesek 89.06.02. Falur\u00f3l falura 89.06.08. Oroszl\u00e1nyi Aranytoll 89.06.09. Van s\u00fctnival\u00f3juk 89.06.12. A dadi iskol\u00e1sok sikere 89.06.29. Aj\u00e1nd\u00e9k az iskol\u00e1nak 89.07.10. A k\u00f6zv\u00e9lem\u00e9ny parancsnokai 89.07.22. Dadi pillanatok<\/p>\n","protected":false},"author":1,"featured_media":0,"parent":642,"menu_order":35,"comment_status":"open","ping_status":"open","template":"","meta":[],"_links":{"self":[{"href":"http:\/\/selmecziistvan.ininet.hu\/index.php?rest_route=\/wp\/v2\/pages\/1602"}],"collection":[{"href":"http:\/\/selmecziistvan.ininet.hu\/index.php?rest_route=\/wp\/v2\/pages"}],"about":[{"href":"http:\/\/selmecziistvan.ininet.hu\/index.php?rest_route=\/wp\/v2\/types\/page"}],"author":[{"embeddable":true,"href":"http:\/\/selmecziistvan.ininet.hu\/index.php?rest_route=\/wp\/v2\/users\/1"}],"replies":[{"embeddable":true,"href":"http:\/\/selmecziistvan.ininet.hu\/index.php?rest_route=%2Fwp%2Fv2%2Fcomments&post=1602"}],"version-history":[{"count":5,"href":"http:\/\/selmecziistvan.ininet.hu\/index.php?rest_route=\/wp\/v2\/pages\/1602\/revisions"}],"predecessor-version":[{"id":1632,"href":"http:\/\/selmecziistvan.ininet.hu\/index.php?rest_route=\/wp\/v2\/pages\/1602\/revisions\/1632"}],"up":[{"embeddable":true,"href":"http:\/\/selmecziistvan.ininet.hu\/index.php?rest_route=\/wp\/v2\/pages\/642"}],"wp:attachment":[{"href":"http:\/\/selmecziistvan.ininet.hu\/index.php?rest_route=%2Fwp%2Fv2%2Fmedia&parent=1602"}],"curies":[{"name":"wp","href":"https:\/\/api.w.org\/{rel}","templated":true}]}}