{"id":1581,"date":"2017-09-14T07:47:46","date_gmt":"2017-09-14T07:47:46","guid":{"rendered":"http:\/\/selmecziistvan.ininet.hu\/?page_id=1581"},"modified":"2017-09-14T07:47:46","modified_gmt":"2017-09-14T07:47:46","slug":"1987-2","status":"publish","type":"page","link":"http:\/\/selmecziistvan.ininet.hu\/?page_id=1581","title":{"rendered":"1987."},"content":{"rendered":"<p style=\"text-align: center;\"><a href=\"http:\/\/selmecziistvan.ininet.hu\/wp-content\/uploads\/2017\/09\/87.01.29.-A-be-sem-fejezett-tan\u00edt\u00e1s.pdf\">87.01.29. A be sem fejezett tan\u00edt\u00e1s<\/a><\/p>\n<p style=\"text-align: center;\"><a href=\"http:\/\/selmecziistvan.ininet.hu\/wp-content\/uploads\/2017\/09\/87.05.09.-Erre-nincs-akci\u00f3.pdf\">87.05.09. Erre nincs akci\u00f3!<\/a><\/p>\n<p style=\"text-align: center;\"><a href=\"http:\/\/selmecziistvan.ininet.hu\/wp-content\/uploads\/2017\/09\/87.05.23.-Gyermekeink\u00e9rt-agg\u00f3dni-nem-elegend\u0151.pdf\">87.05.23. Gyermekeink\u00e9rt agg\u00f3dni nem elegend\u0151<\/a><\/p>\n<p style=\"text-align: center;\"><a href=\"http:\/\/selmecziistvan.ininet.hu\/wp-content\/uploads\/2017\/09\/87.06.09.-Egy-r\u00e9gi-Med\u00e1rd-nap.pdf\">87.06.09. Egy r\u00e9gi Med\u00e1rd-nap<\/a><\/p>\n<p style=\"text-align: center;\"><a href=\"http:\/\/selmecziistvan.ininet.hu\/wp-content\/uploads\/2017\/09\/87.06.17.-Eml\u00e9kt\u00e1bla-avat\u00e1s-Dadon.pdf\">87.06.17. Eml\u00e9kt\u00e1bla-avat\u00e1s Dadon<\/a><\/p>\n<p style=\"text-align: center;\"><a href=\"http:\/\/selmecziistvan.ininet.hu\/wp-content\/uploads\/2017\/09\/87.07.13.-H\u00e9tv\u00e9ge-a-f\u00f6ldeken.pdf\">87.07.13. H\u00e9tv\u00e9ge a f\u00f6ldeken<\/a><\/p>\n<p style=\"text-align: center;\"><a href=\"http:\/\/selmecziistvan.ininet.hu\/wp-content\/uploads\/2017\/09\/87.08.05.-T\u00e1jh\u00e1z-Dadon.pdf\">87.08.05. T\u00e1jh\u00e1z Dadon<\/a><\/p>\n<p style=\"text-align: center;\"><a href=\"http:\/\/selmecziistvan.ininet.hu\/wp-content\/uploads\/2017\/09\/87.08.19.-B\u00e1ny\u00e1sznapi-tombola-nagy-nyerem\u00e9nyekkel....pdf\">87.08.19. B\u00e1ny\u00e1sznapi tombola nagy nyerem\u00e9nyekkel&#8230;<\/a><\/p>\n<p style=\"text-align: center;\"><a href=\"http:\/\/selmecziistvan.ininet.hu\/wp-content\/uploads\/2017\/09\/87.08.19.-T\u00e1jh\u00e1z-Dadon.pdf\">87.08.19. T\u00e1jh\u00e1z Dadon<\/a><\/p>\n<p style=\"text-align: center;\"><a href=\"http:\/\/selmecziistvan.ininet.hu\/wp-content\/uploads\/2017\/09\/87.08.24.-T\u00e1jh\u00e1zat-avattak-Dadon.pdf\">87.08.24. T\u00e1jh\u00e1zat avattak Dadon<\/a><\/p>\n<p style=\"text-align: center;\"><a href=\"http:\/\/selmecziistvan.ininet.hu\/wp-content\/uploads\/2017\/09\/87.09.26.-\u00cdgy-is-lehet....pdf\">87.09.26. \u00cdgy is lehet&#8230;<\/a><\/p>\n<p style=\"text-align: center;\"><a href=\"http:\/\/selmecziistvan.ininet.hu\/wp-content\/uploads\/2017\/09\/87.11.09.-T\u00e1rcsa-f\u00f6l-forgalom-\u00e1llj.pdf\">87.11.09. T\u00e1rcsa f\u00f6l, forgalom \u00e1llj!<\/a><\/p>\n<p style=\"text-align: center;\"><a href=\"http:\/\/selmecziistvan.ininet.hu\/wp-content\/uploads\/2017\/09\/87.11.10.-Hetente-k\u00e9t-alkalommal....pdf\">87.11.10. Hetente k\u00e9t alkalommal&#8230;<\/a><\/p>\n<p style=\"text-align: center;\"><a href=\"http:\/\/selmecziistvan.ininet.hu\/wp-content\/uploads\/2017\/09\/87.12.19.-Hal\u00e1sz\u00e9k-port\u00e1j\u00e1n-kora-reggel.pdf\">87.12.19. Hal\u00e1sz\u00e9k port\u00e1j\u00e1n &#8211; kora reggel<\/a><\/p>\n","protected":false},"excerpt":{"rendered":"<p>87.01.29. A be sem fejezett tan\u00edt\u00e1s 87.05.09. Erre nincs akci\u00f3! 87.05.23. Gyermekeink\u00e9rt agg\u00f3dni nem elegend\u0151 87.06.09. Egy r\u00e9gi Med\u00e1rd-nap 87.06.17. Eml\u00e9kt\u00e1bla-avat\u00e1s Dadon 87.07.13. H\u00e9tv\u00e9ge a f\u00f6ldeken 87.08.05. T\u00e1jh\u00e1z Dadon 87.08.19. B\u00e1ny\u00e1sznapi tombola nagy nyerem\u00e9nyekkel&#8230; 87.08.19. T\u00e1jh\u00e1z Dadon 87.08.24. T\u00e1jh\u00e1zat avattak &hellip; <a href=\"http:\/\/selmecziistvan.ininet.hu\/?page_id=1581\">Egy kattint\u00e1s ide a folytat\u00e1shoz&#8230;. <span class=\"meta-nav\">&rarr;<\/span><\/a><\/p>\n","protected":false},"author":1,"featured_media":0,"parent":642,"menu_order":33,"comment_status":"open","ping_status":"open","template":"","meta":[],"_links":{"self":[{"href":"http:\/\/selmecziistvan.ininet.hu\/index.php?rest_route=\/wp\/v2\/pages\/1581"}],"collection":[{"href":"http:\/\/selmecziistvan.ininet.hu\/index.php?rest_route=\/wp\/v2\/pages"}],"about":[{"href":"http:\/\/selmecziistvan.ininet.hu\/index.php?rest_route=\/wp\/v2\/types\/page"}],"author":[{"embeddable":true,"href":"http:\/\/selmecziistvan.ininet.hu\/index.php?rest_route=\/wp\/v2\/users\/1"}],"replies":[{"embeddable":true,"href":"http:\/\/selmecziistvan.ininet.hu\/index.php?rest_route=%2Fwp%2Fv2%2Fcomments&post=1581"}],"version-history":[{"count":1,"href":"http:\/\/selmecziistvan.ininet.hu\/index.php?rest_route=\/wp\/v2\/pages\/1581\/revisions"}],"predecessor-version":[{"id":1596,"href":"http:\/\/selmecziistvan.ininet.hu\/index.php?rest_route=\/wp\/v2\/pages\/1581\/revisions\/1596"}],"up":[{"embeddable":true,"href":"http:\/\/selmecziistvan.ininet.hu\/index.php?rest_route=\/wp\/v2\/pages\/642"}],"wp:attachment":[{"href":"http:\/\/selmecziistvan.ininet.hu\/index.php?rest_route=%2Fwp%2Fv2%2Fmedia&parent=1581"}],"curies":[{"name":"wp","href":"https:\/\/api.w.org\/{rel}","templated":true}]}}