{"id":1575,"date":"2017-09-12T10:04:26","date_gmt":"2017-09-12T10:04:26","guid":{"rendered":"http:\/\/selmecziistvan.ininet.hu\/?page_id=1575"},"modified":"2017-09-12T10:04:26","modified_gmt":"2017-09-12T10:04:26","slug":"1986-2","status":"publish","type":"page","link":"http:\/\/selmecziistvan.ininet.hu\/?page_id=1575","title":{"rendered":"1986."},"content":{"rendered":"<p style=\"text-align: center;\"><a href=\"http:\/\/selmecziistvan.ininet.hu\/wp-content\/uploads\/2017\/09\/86.02.18.-K\u00e9t-felvon\u00e1sban....pdf\">86.02.18. ,K\u00e9t felvon\u00e1sban&#8230;&#8217;<\/a><\/p>\n<p style=\"text-align: center;\"><a href=\"http:\/\/selmecziistvan.ininet.hu\/wp-content\/uploads\/2017\/09\/86.06.18.-Ki\u00e9-lett-az-aranytoll.pdf\">86.06.18. Ki\u00e9 lett az ,aranytoll&#8217;<\/a><\/p>\n<p style=\"text-align: center;\"><a href=\"http:\/\/selmecziistvan.ininet.hu\/wp-content\/uploads\/2017\/09\/86.07.10.-Nemes-uraim\u00e9k....pdf\">86.07.10. ,Nemes uraim\u00e9k&#8230;&#8217;<\/a><\/p>\n<p style=\"text-align: center;\"><a href=\"http:\/\/selmecziistvan.ininet.hu\/wp-content\/uploads\/2017\/09\/86.12.23.-Bokod-Oroszl\u00e1ny-Dad-h\u00e1rom-telep\u00fcl\u00e9s-lakoss\u00e1g\u00e1\u00e9rt.pdf\">86.12.23. Bokod &#8211; Oroszl\u00e1ny &#8211; Dad &#8211; h\u00e1rom telep\u00fcl\u00e9s lakoss\u00e1g\u00e1\u00e9rt<\/a><\/p>\n","protected":false},"excerpt":{"rendered":"<p>86.02.18. ,K\u00e9t felvon\u00e1sban&#8230;&#8217; 86.06.18. Ki\u00e9 lett az ,aranytoll&#8217; 86.07.10. ,Nemes uraim\u00e9k&#8230;&#8217; 86.12.23. Bokod &#8211; Oroszl\u00e1ny &#8211; Dad &#8211; h\u00e1rom telep\u00fcl\u00e9s lakoss\u00e1g\u00e1\u00e9rt<\/p>\n","protected":false},"author":1,"featured_media":0,"parent":642,"menu_order":32,"comment_status":"open","ping_status":"open","template":"","meta":[],"_links":{"self":[{"href":"http:\/\/selmecziistvan.ininet.hu\/index.php?rest_route=\/wp\/v2\/pages\/1575"}],"collection":[{"href":"http:\/\/selmecziistvan.ininet.hu\/index.php?rest_route=\/wp\/v2\/pages"}],"about":[{"href":"http:\/\/selmecziistvan.ininet.hu\/index.php?rest_route=\/wp\/v2\/types\/page"}],"author":[{"embeddable":true,"href":"http:\/\/selmecziistvan.ininet.hu\/index.php?rest_route=\/wp\/v2\/users\/1"}],"replies":[{"embeddable":true,"href":"http:\/\/selmecziistvan.ininet.hu\/index.php?rest_route=%2Fwp%2Fv2%2Fcomments&post=1575"}],"version-history":[{"count":1,"href":"http:\/\/selmecziistvan.ininet.hu\/index.php?rest_route=\/wp\/v2\/pages\/1575\/revisions"}],"predecessor-version":[{"id":1580,"href":"http:\/\/selmecziistvan.ininet.hu\/index.php?rest_route=\/wp\/v2\/pages\/1575\/revisions\/1580"}],"up":[{"embeddable":true,"href":"http:\/\/selmecziistvan.ininet.hu\/index.php?rest_route=\/wp\/v2\/pages\/642"}],"wp:attachment":[{"href":"http:\/\/selmecziistvan.ininet.hu\/index.php?rest_route=%2Fwp%2Fv2%2Fmedia&parent=1575"}],"curies":[{"name":"wp","href":"https:\/\/api.w.org\/{rel}","templated":true}]}}