{"id":1425,"date":"2017-08-02T09:06:56","date_gmt":"2017-08-02T09:06:56","guid":{"rendered":"http:\/\/selmecziistvan.ininet.hu\/?page_id=1425"},"modified":"2017-08-02T09:06:56","modified_gmt":"2017-08-02T09:06:56","slug":"1974-2","status":"publish","type":"page","link":"http:\/\/selmecziistvan.ininet.hu\/?page_id=1425","title":{"rendered":"1974."},"content":{"rendered":"<p style=\"text-align: center;\"><a href=\"http:\/\/selmecziistvan.ininet.hu\/wp-content\/uploads\/2017\/08\/74.01.27.-Tov\u00e1bb-jav\u00edtani-a-munkak\u00f6r\u00fclm\u00e9nyeket.pdf\">74.01.27. Tov\u00e1bb jav\u00edtani a munkak\u00f6r\u00fclm\u00e9nyeket!<\/a><\/p>\n<p style=\"text-align: center;\"><a href=\"http:\/\/selmecziistvan.ininet.hu\/wp-content\/uploads\/2017\/08\/74.02.15.-Magyar-bolg\u00e1r-bar\u00e1ts\u00e1gest-Szom\u00f3don.pdf\">74.02.15. Magyar-bolg\u00e1r bar\u00e1ts\u00e1gest Szom\u00f3don<\/a><\/p>\n<p style=\"text-align: center;\"><a href=\"http:\/\/selmecziistvan.ininet.hu\/wp-content\/uploads\/2017\/08\/74.02.17.-Szom\u00f3d-k\u00f6zel-esik-Tat\u00e1hoz.pdf\">74.02.17. Szom\u00f3d k\u00f6zel esik Tat\u00e1hoz<\/a><\/p>\n<p style=\"text-align: center;\"><a href=\"http:\/\/selmecziistvan.ininet.hu\/wp-content\/uploads\/2017\/08\/74.02.20.-F\u00f3rum-Szom\u00f3don.pdf\">74.02.20. F\u00f3rum Szom\u00f3don<\/a><\/p>\n<p style=\"text-align: center;\"><a href=\"http:\/\/selmecziistvan.ininet.hu\/wp-content\/uploads\/2017\/08\/74.05.14.-A-brig\u00e1d-aj\u00e1nd\u00e9ka.pdf\">74.05.14. A brig\u00e1d aj\u00e1nd\u00e9ka<\/a><\/p>\n<p style=\"text-align: center;\"><a href=\"http:\/\/selmecziistvan.ininet.hu\/wp-content\/uploads\/2017\/08\/74.05.28.-Gyarapodik-a-szom\u00f3di-k\u00f6z\u00f6ss\u00e9g.pdf\">74.05.28. Gyarapodik a szom\u00f3di k\u00f6z\u00f6ss\u00e9g<\/a><\/p>\n<p style=\"text-align: center;\"><a href=\"http:\/\/selmecziistvan.ininet.hu\/wp-content\/uploads\/2017\/08\/74.05.31.-P\u00e1lyaavat\u00e1s-Szom\u00f3don.pdf\">74.05.31. P\u00e1lyaavat\u00e1s Szom\u00f3don<\/a><\/p>\n<p style=\"text-align: center;\"><a href=\"http:\/\/selmecziistvan.ininet.hu\/wp-content\/uploads\/2017\/08\/74.06.02.-Kiv\u00e1l\u00f3-termel\u0151sz\u00f6vetkezetek.pdf\">74.06.02. Kiv\u00e1l\u00f3 termel\u0151sz\u00f6vetkezetek<\/a><\/p>\n<p style=\"text-align: center;\"><a href=\"http:\/\/selmecziistvan.ininet.hu\/wp-content\/uploads\/2017\/08\/74.06.05.-Nem-a-g\u00f3lok-sz\u00e1m\u00edtottak.pdf\">74.06.05. Nem a g\u00f3lok sz\u00e1m\u00edtottak<\/a><\/p>\n<p style=\"text-align: center;\"><a href=\"http:\/\/selmecziistvan.ininet.hu\/wp-content\/uploads\/2017\/08\/74.07.04.-V\u00e1llal\u00e1sb\u00f3l-bar\u00e1ts\u00e1g.pdf\">74.07.04. V\u00e1llal\u00e1sb\u00f3l &#8211; bar\u00e1ts\u00e1g<\/a><\/p>\n<p style=\"text-align: center;\"><a href=\"http:\/\/selmecziistvan.ininet.hu\/wp-content\/uploads\/2017\/08\/74.07.16.-A-szom\u00f3di-modell.pdf\">74.07.16. A szom\u00f3di modell<\/a><\/p>\n<p style=\"text-align: center;\"><a href=\"http:\/\/selmecziistvan.ininet.hu\/wp-content\/uploads\/2017\/08\/74.10.10.-T\u00e1rsadalmi-munka-Szom\u00f3don.pdf\">74.10.10. T\u00e1rsadalmi munka Szom\u00f3don<\/a><\/p>\n<p style=\"text-align: center;\"><a href=\"http:\/\/selmecziistvan.ininet.hu\/wp-content\/uploads\/2017\/08\/74.10.24.-K\u00fcl\u00f6n-k\u00f6sz\u00f6nt\u00f6ttek-benn\u00fcnket.pdf\">74.10.24. K\u00fcl\u00f6n k\u00f6sz\u00f6nt\u00f6ttek benn\u00fcnket<\/a><\/p>\n","protected":false},"excerpt":{"rendered":"<p>74.01.27. Tov\u00e1bb jav\u00edtani a munkak\u00f6r\u00fclm\u00e9nyeket! 74.02.15. Magyar-bolg\u00e1r bar\u00e1ts\u00e1gest Szom\u00f3don 74.02.17. Szom\u00f3d k\u00f6zel esik Tat\u00e1hoz 74.02.20. F\u00f3rum Szom\u00f3don 74.05.14. A brig\u00e1d aj\u00e1nd\u00e9ka 74.05.28. Gyarapodik a szom\u00f3di k\u00f6z\u00f6ss\u00e9g 74.05.31. P\u00e1lyaavat\u00e1s Szom\u00f3don 74.06.02. Kiv\u00e1l\u00f3 termel\u0151sz\u00f6vetkezetek 74.06.05. Nem a g\u00f3lok sz\u00e1m\u00edtottak 74.07.04. V\u00e1llal\u00e1sb\u00f3l &#8211; &hellip; <a href=\"http:\/\/selmecziistvan.ininet.hu\/?page_id=1425\">Egy kattint\u00e1s ide a folytat\u00e1shoz&#8230;. <span class=\"meta-nav\">&rarr;<\/span><\/a><\/p>\n","protected":false},"author":1,"featured_media":0,"parent":686,"menu_order":20,"comment_status":"open","ping_status":"open","template":"","meta":[],"_links":{"self":[{"href":"http:\/\/selmecziistvan.ininet.hu\/index.php?rest_route=\/wp\/v2\/pages\/1425"}],"collection":[{"href":"http:\/\/selmecziistvan.ininet.hu\/index.php?rest_route=\/wp\/v2\/pages"}],"about":[{"href":"http:\/\/selmecziistvan.ininet.hu\/index.php?rest_route=\/wp\/v2\/types\/page"}],"author":[{"embeddable":true,"href":"http:\/\/selmecziistvan.ininet.hu\/index.php?rest_route=\/wp\/v2\/users\/1"}],"replies":[{"embeddable":true,"href":"http:\/\/selmecziistvan.ininet.hu\/index.php?rest_route=%2Fwp%2Fv2%2Fcomments&post=1425"}],"version-history":[{"count":1,"href":"http:\/\/selmecziistvan.ininet.hu\/index.php?rest_route=\/wp\/v2\/pages\/1425\/revisions"}],"predecessor-version":[{"id":1439,"href":"http:\/\/selmecziistvan.ininet.hu\/index.php?rest_route=\/wp\/v2\/pages\/1425\/revisions\/1439"}],"up":[{"embeddable":true,"href":"http:\/\/selmecziistvan.ininet.hu\/index.php?rest_route=\/wp\/v2\/pages\/686"}],"wp:attachment":[{"href":"http:\/\/selmecziistvan.ininet.hu\/index.php?rest_route=%2Fwp%2Fv2%2Fmedia&parent=1425"}],"curies":[{"name":"wp","href":"https:\/\/api.w.org\/{rel}","templated":true}]}}