{"id":1375,"date":"2017-07-26T10:42:25","date_gmt":"2017-07-26T10:42:25","guid":{"rendered":"http:\/\/selmecziistvan.ininet.hu\/?page_id=1375"},"modified":"2017-07-26T10:42:25","modified_gmt":"2017-07-26T10:42:25","slug":"1973-2","status":"publish","type":"page","link":"http:\/\/selmecziistvan.ininet.hu\/?page_id=1375","title":{"rendered":"1973."},"content":{"rendered":"<p style=\"text-align: center;\"><a href=\"http:\/\/selmecziistvan.ininet.hu\/wp-content\/uploads\/2017\/07\/73.01.28.-A-baromfitart\u00e1s-kimagasl\u00f3-bev\u00e9telt-ny\u00fajtott.pdf\">73.01.28. A baromfitart\u00e1s kimagasl\u00f3 bev\u00e9telt ny\u00fajtott<\/a><\/p>\n<p style=\"text-align: center;\"><a href=\"http:\/\/selmecziistvan.ininet.hu\/wp-content\/uploads\/2017\/07\/73.02.23.-Veszett-r\u00f3k\u00e1t-fogtak-Szom\u00f3don.pdf\">73.02.23. Veszett r\u00f3k\u00e1t fogtak Szom\u00f3don<\/a><\/p>\n<p style=\"text-align: center;\"><a href=\"http:\/\/selmecziistvan.ininet.hu\/wp-content\/uploads\/2017\/07\/73.03.02.-Asszonyok-tal\u00e1lkoz\u00f3ja.pdf\">73.03.02. Asszonyok tal\u00e1lkoz\u00f3ja<\/a><\/p>\n<p style=\"text-align: center;\"><a href=\"http:\/\/selmecziistvan.ininet.hu\/wp-content\/uploads\/2017\/07\/73.03.10.-J\u00e1r\u00e1si-d\u00f6nt\u0151-Tat\u00e1n.pdf\">73.03.10. J\u00e1r\u00e1si d\u00f6nt\u0151 Tat\u00e1n<\/a><\/p>\n<p style=\"text-align: center;\"><a href=\"http:\/\/selmecziistvan.ininet.hu\/wp-content\/uploads\/2017\/07\/73.03.29.-Megyei-d\u00f6nt\u0151-k\u00e9t-sport\u00e1gban.pdf\">73.03.29. Megyei d\u00f6nt\u0151 k\u00e9t sport\u00e1gban<\/a><\/p>\n<p style=\"text-align: center;\"><a href=\"http:\/\/selmecziistvan.ininet.hu\/wp-content\/uploads\/2017\/07\/73.04.04.-\u00datt\u00f6r\u0151h\u00e1z-avat\u00f3-Szom\u00f3don.pdf\">73.04.04. \u00datt\u00f6r\u0151h\u00e1z-avat\u00f3 Szom\u00f3don<\/a><\/p>\n<p style=\"text-align: center;\"><a href=\"http:\/\/selmecziistvan.ininet.hu\/wp-content\/uploads\/2017\/07\/73.05.05.-Hi\u00e1nyoztak-a-v\u00e1rosi-iskol\u00e1k.pdf\">73.05.05. Hi\u00e1nyoztak a v\u00e1rosi iskol\u00e1k<\/a><\/p>\n<p style=\"text-align: center;\"><a href=\"http:\/\/selmecziistvan.ininet.hu\/wp-content\/uploads\/2017\/07\/73.05.22.-Kiv\u00e1l\u00f3-termel\u0151sz\u00f6vetkezet-Szom\u00f3d-M\u00e1rcius-15..pdf\">73.05.22. Kiv\u00e1l\u00f3 termel\u0151sz\u00f6vetkezet &#8211; Szom\u00f3d M\u00e1rcius 15.<\/a><\/p>\n<p style=\"text-align: center;\"><a href=\"http:\/\/selmecziistvan.ininet.hu\/wp-content\/uploads\/2017\/07\/73.10.11.-\u00c9l\u00e9nk-k\u00f6z\u00e9let.pdf\">73.10.11. \u00c9l\u00e9nk k\u00f6z\u00e9let<\/a><\/p>\n<p style=\"text-align: center;\"><a href=\"http:\/\/selmecziistvan.ininet.hu\/wp-content\/uploads\/2017\/07\/73.10.11.-K\u00f6sz\u00f6net-\u00e9s-k\u00e9r\u00e9s.pdf\">73.10.11. K\u00f6sz\u00f6net &#8211; \u00e9s k\u00e9r\u00e9s<\/a><\/p>\n<p style=\"text-align: center;\"><a href=\"http:\/\/selmecziistvan.ininet.hu\/wp-content\/uploads\/2017\/07\/73.10.11.-\u0150szinte-l\u00e9gk\u00f6rben-vit\u00e1ztak.pdf\">73.10.11. \u0150szinte l\u00e9gk\u00f6rben vit\u00e1ztak<\/a><\/p>\n<p style=\"text-align: center;\"><a href=\"http:\/\/selmecziistvan.ininet.hu\/wp-content\/uploads\/2017\/07\/73.10.18.-Dolgoz\u00f3nk\u00e9nt-2000-Ft.pdf\">73.10.18. Dolgoz\u00f3nk\u00e9nt 2000 Ft<\/a><\/p>\n<p style=\"text-align: center;\"><a href=\"http:\/\/selmecziistvan.ininet.hu\/wp-content\/uploads\/2017\/07\/73.10.28.-Mai-\u00fajoncok.pdf\">73.10.28. Mai \u00fajoncok<\/a><\/p>\n<p style=\"text-align: center;\"><a href=\"http:\/\/selmecziistvan.ininet.hu\/wp-content\/uploads\/2017\/07\/73.11.29.-Friss-toj\u00e1s-Szom\u00f3dr\u00f3l.pdf\">73.11.29. Friss toj\u00e1s Szom\u00f3dr\u00f3l<\/a><\/p>\n<p style=\"text-align: center;\"><a href=\"http:\/\/selmecziistvan.ininet.hu\/wp-content\/uploads\/2017\/07\/73.12.30.-\u00c9v-v\u00e9ge-a-67-es-\u0151rh\u00e1zban.pdf\">73.12.30. \u00c9v v\u00e9ge a 67-es \u0151rh\u00e1zban<\/a><\/p>\n","protected":false},"excerpt":{"rendered":"<p>73.01.28. A baromfitart\u00e1s kimagasl\u00f3 bev\u00e9telt ny\u00fajtott 73.02.23. Veszett r\u00f3k\u00e1t fogtak Szom\u00f3don 73.03.02. Asszonyok tal\u00e1lkoz\u00f3ja 73.03.10. J\u00e1r\u00e1si d\u00f6nt\u0151 Tat\u00e1n 73.03.29. Megyei d\u00f6nt\u0151 k\u00e9t sport\u00e1gban 73.04.04. \u00datt\u00f6r\u0151h\u00e1z-avat\u00f3 Szom\u00f3don 73.05.05. Hi\u00e1nyoztak a v\u00e1rosi iskol\u00e1k 73.05.22. Kiv\u00e1l\u00f3 termel\u0151sz\u00f6vetkezet &#8211; Szom\u00f3d M\u00e1rcius 15. 73.10.11. \u00c9l\u00e9nk &hellip; <a href=\"http:\/\/selmecziistvan.ininet.hu\/?page_id=1375\">Egy kattint\u00e1s ide a folytat\u00e1shoz&#8230;. <span class=\"meta-nav\">&rarr;<\/span><\/a><\/p>\n","protected":false},"author":1,"featured_media":0,"parent":686,"menu_order":19,"comment_status":"open","ping_status":"open","template":"","meta":[],"_links":{"self":[{"href":"http:\/\/selmecziistvan.ininet.hu\/index.php?rest_route=\/wp\/v2\/pages\/1375"}],"collection":[{"href":"http:\/\/selmecziistvan.ininet.hu\/index.php?rest_route=\/wp\/v2\/pages"}],"about":[{"href":"http:\/\/selmecziistvan.ininet.hu\/index.php?rest_route=\/wp\/v2\/types\/page"}],"author":[{"embeddable":true,"href":"http:\/\/selmecziistvan.ininet.hu\/index.php?rest_route=\/wp\/v2\/users\/1"}],"replies":[{"embeddable":true,"href":"http:\/\/selmecziistvan.ininet.hu\/index.php?rest_route=%2Fwp%2Fv2%2Fcomments&post=1375"}],"version-history":[{"count":1,"href":"http:\/\/selmecziistvan.ininet.hu\/index.php?rest_route=\/wp\/v2\/pages\/1375\/revisions"}],"predecessor-version":[{"id":1391,"href":"http:\/\/selmecziistvan.ininet.hu\/index.php?rest_route=\/wp\/v2\/pages\/1375\/revisions\/1391"}],"up":[{"embeddable":true,"href":"http:\/\/selmecziistvan.ininet.hu\/index.php?rest_route=\/wp\/v2\/pages\/686"}],"wp:attachment":[{"href":"http:\/\/selmecziistvan.ininet.hu\/index.php?rest_route=%2Fwp%2Fv2%2Fmedia&parent=1375"}],"curies":[{"name":"wp","href":"https:\/\/api.w.org\/{rel}","templated":true}]}}