{"id":1025,"date":"2016-11-27T15:51:41","date_gmt":"2016-11-27T15:51:41","guid":{"rendered":"http:\/\/selmecziistvan.ininet.hu\/?page_id=1025"},"modified":"2017-07-22T15:30:35","modified_gmt":"2017-07-22T15:30:35","slug":"1969-2","status":"publish","type":"page","link":"http:\/\/selmecziistvan.ininet.hu\/?page_id=1025","title":{"rendered":"1969."},"content":{"rendered":"<p style=\"text-align: center;\"><a href=\"http:\/\/selmecziistvan.ininet.hu\/wp-content\/uploads\/2016\/11\/69.05.27.-Szom\u00f3d-ell\u00e1t\u00e1s\u00e1ban-legfontosabb-a-v\u00edz.pdf\">69.05.27. Szom\u00f3d ell\u00e1t\u00e1s\u00e1ban legfontosabb a v\u00edz<\/a><\/p>\n<p style=\"text-align: center;\"><a href=\"http:\/\/selmecziistvan.ininet.hu\/wp-content\/uploads\/2016\/11\/69.08.08.-Dun\u00e1ba-vesztek-a-lovak.pdf\">69.08.08. Dun\u00e1ba vesztek a lovak<\/a><\/p>\n<p style=\"text-align: center;\"><a href=\"http:\/\/selmecziistvan.ininet.hu\/wp-content\/uploads\/2016\/11\/69.09.23.-Szom\u00f3don-p\u00e1lyav\u00e1laszt\u00e1si....pdf\">69.09.23. Szom\u00f3don p\u00e1lyav\u00e1laszt\u00e1si&#8230;<\/a><\/p>\n<p style=\"text-align: center;\"><a href=\"http:\/\/selmecziistvan.ininet.hu\/wp-content\/uploads\/2016\/11\/69.10.16.-\u00d6regek-napja.pdf\">69.10.16. \u00d6regek napja<\/a><\/p>\n<p style=\"text-align: center;\"><a href=\"http:\/\/selmecziistvan.ininet.hu\/wp-content\/uploads\/2016\/11\/69.11.15.-Verseny.pdf\">69.11.15. Verseny<\/a><\/p>\n<p style=\"text-align: center;\"><a href=\"http:\/\/selmecziistvan.ininet.hu\/wp-content\/uploads\/2016\/11\/69.11.27.-A-jellemform\u00e1l\u00e1s-m\u0171hely\u00e9ben.pdf\">69.11.27.<\/a><a href=\"http:\/\/selmecziistvan.ininet.hu\/wp-content\/uploads\/2016\/11\/69.11.27.-A-jellemform\u00e1l\u00e1s-m\u0171hely\u00e9ben.pdf\">A jellemform\u00e1l\u00e1s m\u0171hely\u00e9ben<\/a><\/p>\n<p style=\"text-align: center;\"><a href=\"http:\/\/selmecziistvan.ininet.hu\/wp-content\/uploads\/2016\/11\/69.12.09.-Szovjet-magyar-\u00fatt\u00f6r\u0151tal\u00e1lkoz\u00f3.pdf\">69.12.09. Szovjet-magyar \u00fatt\u00f6r\u0151tal\u00e1lkoz\u00f3<\/a><\/p>\n","protected":false},"excerpt":{"rendered":"<p>69.05.27. Szom\u00f3d ell\u00e1t\u00e1s\u00e1ban legfontosabb a v\u00edz 69.08.08. Dun\u00e1ba vesztek a lovak 69.09.23. Szom\u00f3don p\u00e1lyav\u00e1laszt\u00e1si&#8230; 69.10.16. \u00d6regek napja 69.11.15. Verseny 69.11.27.A jellemform\u00e1l\u00e1s m\u0171hely\u00e9ben 69.12.09. Szovjet-magyar \u00fatt\u00f6r\u0151tal\u00e1lkoz\u00f3<\/p>\n","protected":false},"author":1,"featured_media":0,"parent":686,"menu_order":15,"comment_status":"open","ping_status":"open","template":"","meta":[],"_links":{"self":[{"href":"http:\/\/selmecziistvan.ininet.hu\/index.php?rest_route=\/wp\/v2\/pages\/1025"}],"collection":[{"href":"http:\/\/selmecziistvan.ininet.hu\/index.php?rest_route=\/wp\/v2\/pages"}],"about":[{"href":"http:\/\/selmecziistvan.ininet.hu\/index.php?rest_route=\/wp\/v2\/types\/page"}],"author":[{"embeddable":true,"href":"http:\/\/selmecziistvan.ininet.hu\/index.php?rest_route=\/wp\/v2\/users\/1"}],"replies":[{"embeddable":true,"href":"http:\/\/selmecziistvan.ininet.hu\/index.php?rest_route=%2Fwp%2Fv2%2Fcomments&post=1025"}],"version-history":[{"count":5,"href":"http:\/\/selmecziistvan.ininet.hu\/index.php?rest_route=\/wp\/v2\/pages\/1025\/revisions"}],"predecessor-version":[{"id":1308,"href":"http:\/\/selmecziistvan.ininet.hu\/index.php?rest_route=\/wp\/v2\/pages\/1025\/revisions\/1308"}],"up":[{"embeddable":true,"href":"http:\/\/selmecziistvan.ininet.hu\/index.php?rest_route=\/wp\/v2\/pages\/686"}],"wp:attachment":[{"href":"http:\/\/selmecziistvan.ininet.hu\/index.php?rest_route=%2Fwp%2Fv2%2Fmedia&parent=1025"}],"curies":[{"name":"wp","href":"https:\/\/api.w.org\/{rel}","templated":true}]}}